{"id":744,"date":"2024-01-23T15:27:15","date_gmt":"2024-01-23T11:27:15","guid":{"rendered":"https:\/\/uketa.com\/home\/"},"modified":"2026-03-06T01:05:09","modified_gmt":"2026-03-05T21:05:09","slug":"home","status":"publish","type":"page","link":"https:\/\/etauk.co.uk\/de\/","title":{"rendered":"Elektronische Reisegenehmigung f\u00fcr das Vereinigte K\u00f6nigreich"},"content":{"rendered":"","protected":false},"excerpt":{"rendered":"","protected":false},"author":1,"featured_media":0,"parent":0,"menu_order":0,"comment_status":"closed","ping_status":"closed","template":"template-home.php","meta":{"_acf_changed":false,"inline_featured_image":false,"footnotes":""},"class_list":["post-744","page","type-page","status-publish","hentry"],"acf":[],"yoast_head":"<!-- This site is optimized with the Yoast SEO Premium plugin v23.9 (Yoast SEO v23.9) - https:\/\/yoast.com\/wordpress\/plugins\/seo\/ -->\n<title>Elektronische Reisegenehmigung f\u00fcr das Vereinigte K\u00f6nigreich | ETAUK.co.uk<\/title>\n<meta name=\"description\" content=\"Entdecken Sie die wichtigsten Details der UK ETA: Berechtigungen, Anforderungen und G\u00fcltigkeit. UK ETA beantragen.\" \/>\n<meta name=\"robots\" content=\"index, follow, max-snippet:-1, max-image-preview:large, max-video-preview:-1\" \/>\n<link rel=\"canonical\" href=\"https:\/\/etauk.co.uk\/de\/\" \/>\n<meta property=\"og:locale\" content=\"de_DE\" \/>\n<meta property=\"og:type\" content=\"article\" \/>\n<meta property=\"og:title\" content=\"Elektronische Reisegenehmigung f\u00fcr das Vereinigte K\u00f6nigreich\" \/>\n<meta property=\"og:description\" content=\"Entdecken Sie die wichtigsten Details der UK ETA: Berechtigungen, Anforderungen und G\u00fcltigkeit. UK ETA beantragen.\" \/>\n<meta property=\"og:url\" content=\"https:\/\/etauk.co.uk\/de\/\" \/>\n<meta property=\"og:site_name\" content=\"ETAUK.co.uk\" \/>\n<meta property=\"article:modified_time\" content=\"2026-03-05T21:05:09+00:00\" \/>\n<meta name=\"twitter:card\" content=\"summary_large_image\" \/>\n<script type=\"application\/ld+json\" class=\"yoast-schema-graph\">{\"@context\":\"https:\/\/schema.org\",\"@graph\":[{\"@type\":\"WebPage\",\"@id\":\"https:\/\/etauk.co.uk\/de\/\",\"url\":\"https:\/\/etauk.co.uk\/de\/\",\"name\":\"Elektronische Reisegenehmigung f\u00fcr das Vereinigte K\u00f6nigreich | ETAUK.co.uk\",\"isPartOf\":{\"@id\":\"https:\/\/etauk.co.uk\/de\/#website\"},\"datePublished\":\"2024-01-23T11:27:15+00:00\",\"dateModified\":\"2026-03-05T21:05:09+00:00\",\"description\":\"Entdecken Sie die wichtigsten Details der UK ETA: Berechtigungen, Anforderungen und G\u00fcltigkeit. UK ETA beantragen.\",\"breadcrumb\":{\"@id\":\"https:\/\/etauk.co.uk\/de\/#breadcrumb\"},\"inLanguage\":\"de\",\"potentialAction\":[{\"@type\":\"ReadAction\",\"target\":[\"https:\/\/etauk.co.uk\/de\/\"]}]},{\"@type\":\"BreadcrumbList\",\"@id\":\"https:\/\/etauk.co.uk\/de\/#breadcrumb\",\"itemListElement\":[{\"@type\":\"ListItem\",\"position\":1,\"name\":\"Home\",\"item\":\"https:\/\/etauk.co.uk\/de\/\"},{\"@type\":\"ListItem\",\"position\":2,\"name\":\"Elektronische Reisegenehmigung f\u00fcr das Vereinigte K\u00f6nigreich\"}]},{\"@type\":\"WebSite\",\"@id\":\"https:\/\/etauk.co.uk\/de\/#website\",\"url\":\"https:\/\/etauk.co.uk\/de\/\",\"name\":\"ETAUK.co.uk\",\"description\":\"\",\"publisher\":{\"@id\":\"https:\/\/etauk.co.uk\/de\/#organization\"},\"potentialAction\":[{\"@type\":\"SearchAction\",\"target\":{\"@type\":\"EntryPoint\",\"urlTemplate\":\"https:\/\/etauk.co.uk\/de\/?s={search_term_string}\"},\"query-input\":{\"@type\":\"PropertyValueSpecification\",\"valueRequired\":true,\"valueName\":\"search_term_string\"}}],\"inLanguage\":\"de\"},{\"@type\":\"Organization\",\"@id\":\"https:\/\/etauk.co.uk\/de\/#organization\",\"name\":\"ETAUK.co.uk\",\"url\":\"https:\/\/etauk.co.uk\/de\/\",\"logo\":{\"@type\":\"ImageObject\",\"inLanguage\":\"de\",\"@id\":\"https:\/\/etauk.co.uk\/de\/#\/schema\/logo\/image\/\",\"url\":\"https:\/\/etauk.co.uk\/wp-content\/uploads\/2024\/07\/logo.png\",\"contentUrl\":\"https:\/\/etauk.co.uk\/wp-content\/uploads\/2024\/07\/logo.png\",\"width\":904,\"height\":192,\"caption\":\"ETAUK.co.uk\"},\"image\":{\"@id\":\"https:\/\/etauk.co.uk\/de\/#\/schema\/logo\/image\/\"}}]}<\/script>\n<!-- \/ Yoast SEO Premium plugin. -->","yoast_head_json":{"title":"Elektronische Reisegenehmigung f\u00fcr das Vereinigte K\u00f6nigreich | ETAUK.co.uk","description":"Entdecken Sie die wichtigsten Details der UK ETA: Berechtigungen, Anforderungen und G\u00fcltigkeit. UK ETA beantragen.","robots":{"index":"index","follow":"follow","max-snippet":"max-snippet:-1","max-image-preview":"max-image-preview:large","max-video-preview":"max-video-preview:-1"},"canonical":"https:\/\/etauk.co.uk\/de\/","og_locale":"de_DE","og_type":"article","og_title":"Elektronische Reisegenehmigung f\u00fcr das Vereinigte K\u00f6nigreich","og_description":"Entdecken Sie die wichtigsten Details der UK ETA: Berechtigungen, Anforderungen und G\u00fcltigkeit. UK ETA beantragen.","og_url":"https:\/\/etauk.co.uk\/de\/","og_site_name":"ETAUK.co.uk","article_modified_time":"2026-03-05T21:05:09+00:00","twitter_card":"summary_large_image","schema":{"@context":"https:\/\/schema.org","@graph":[{"@type":"WebPage","@id":"https:\/\/etauk.co.uk\/de\/","url":"https:\/\/etauk.co.uk\/de\/","name":"Elektronische Reisegenehmigung f\u00fcr das Vereinigte K\u00f6nigreich | ETAUK.co.uk","isPartOf":{"@id":"https:\/\/etauk.co.uk\/de\/#website"},"datePublished":"2024-01-23T11:27:15+00:00","dateModified":"2026-03-05T21:05:09+00:00","description":"Entdecken Sie die wichtigsten Details der UK ETA: Berechtigungen, Anforderungen und G\u00fcltigkeit. UK ETA beantragen.","breadcrumb":{"@id":"https:\/\/etauk.co.uk\/de\/#breadcrumb"},"inLanguage":"de","potentialAction":[{"@type":"ReadAction","target":["https:\/\/etauk.co.uk\/de\/"]}]},{"@type":"BreadcrumbList","@id":"https:\/\/etauk.co.uk\/de\/#breadcrumb","itemListElement":[{"@type":"ListItem","position":1,"name":"Home","item":"https:\/\/etauk.co.uk\/de\/"},{"@type":"ListItem","position":2,"name":"Elektronische Reisegenehmigung f\u00fcr das Vereinigte K\u00f6nigreich"}]},{"@type":"WebSite","@id":"https:\/\/etauk.co.uk\/de\/#website","url":"https:\/\/etauk.co.uk\/de\/","name":"ETAUK.co.uk","description":"","publisher":{"@id":"https:\/\/etauk.co.uk\/de\/#organization"},"potentialAction":[{"@type":"SearchAction","target":{"@type":"EntryPoint","urlTemplate":"https:\/\/etauk.co.uk\/de\/?s={search_term_string}"},"query-input":{"@type":"PropertyValueSpecification","valueRequired":true,"valueName":"search_term_string"}}],"inLanguage":"de"},{"@type":"Organization","@id":"https:\/\/etauk.co.uk\/de\/#organization","name":"ETAUK.co.uk","url":"https:\/\/etauk.co.uk\/de\/","logo":{"@type":"ImageObject","inLanguage":"de","@id":"https:\/\/etauk.co.uk\/de\/#\/schema\/logo\/image\/","url":"https:\/\/etauk.co.uk\/wp-content\/uploads\/2024\/07\/logo.png","contentUrl":"https:\/\/etauk.co.uk\/wp-content\/uploads\/2024\/07\/logo.png","width":904,"height":192,"caption":"ETAUK.co.uk"},"image":{"@id":"https:\/\/etauk.co.uk\/de\/#\/schema\/logo\/image\/"}}]}},"_links":{"self":[{"href":"https:\/\/etauk.co.uk\/de\/wp-json\/wp\/v2\/pages\/744","targetHints":{"allow":["GET"]}}],"collection":[{"href":"https:\/\/etauk.co.uk\/de\/wp-json\/wp\/v2\/pages"}],"about":[{"href":"https:\/\/etauk.co.uk\/de\/wp-json\/wp\/v2\/types\/page"}],"author":[{"embeddable":true,"href":"https:\/\/etauk.co.uk\/de\/wp-json\/wp\/v2\/users\/1"}],"replies":[{"embeddable":true,"href":"https:\/\/etauk.co.uk\/de\/wp-json\/wp\/v2\/comments?post=744"}],"version-history":[{"count":20,"href":"https:\/\/etauk.co.uk\/de\/wp-json\/wp\/v2\/pages\/744\/revisions"}],"predecessor-version":[{"id":9134,"href":"https:\/\/etauk.co.uk\/de\/wp-json\/wp\/v2\/pages\/744\/revisions\/9134"}],"wp:attachment":[{"href":"https:\/\/etauk.co.uk\/de\/wp-json\/wp\/v2\/media?parent=744"}],"curies":[{"name":"wp","href":"https:\/\/api.w.org\/{rel}","templated":true}]}}