{"id":8201,"date":"2025-02-27T13:01:06","date_gmt":"2025-02-27T09:01:06","guid":{"rendered":"https:\/\/etauk.co.uk\/eligibility\/"},"modified":"2025-06-21T18:35:48","modified_gmt":"2025-06-21T14:35:48","slug":"eligibility","status":"publish","type":"page","link":"https:\/\/etauk.co.uk\/de\/eligibility\/","title":{"rendered":"Brauche ich eine ETA f\u00fcr das Vereinigte K\u00f6nigreich?"},"content":{"rendered":"","protected":false},"excerpt":{"rendered":"","protected":false},"author":2,"featured_media":6462,"parent":0,"menu_order":0,"comment_status":"closed","ping_status":"closed","template":"template-page.php","meta":{"_acf_changed":false,"inline_featured_image":false,"footnotes":""},"class_list":["post-8201","page","type-page","status-publish","has-post-thumbnail","hentry"],"acf":[],"yoast_head":"<!-- This site is optimized with the Yoast SEO Premium plugin v23.9 (Yoast SEO v23.9) - https:\/\/yoast.com\/wordpress\/plugins\/seo\/ -->\n<title>Ben\u00f6tige ich eine ETA f\u00fcr das Vereinigte K\u00f6nigreich? Pr\u00fcfen Sie, ob Sie f\u00f6rderf\u00e4hig sind!<\/title>\n<meta name=\"description\" content=\"GB ETA-Leitfaden: Erfahren Sie, wer eine elektronische Reisegenehmigung ben\u00f6tigt, wie man sie beantragt und welche Vorteile diese neue Einreisebestimmung mit sich bringt.\" \/>\n<meta name=\"robots\" content=\"index, follow, max-snippet:-1, max-image-preview:large, max-video-preview:-1\" \/>\n<link rel=\"canonical\" href=\"https:\/\/etauk.co.uk\/de\/eligibility\/\" \/>\n<meta property=\"og:locale\" content=\"de_DE\" \/>\n<meta property=\"og:type\" content=\"article\" \/>\n<meta property=\"og:title\" content=\"Ben\u00f6tige ich eine ETA f\u00fcr das Vereinigte K\u00f6nigreich? Pr\u00fcfen Sie, ob Sie f\u00f6rderf\u00e4hig sind!\" \/>\n<meta property=\"og:description\" content=\"GB ETA-Leitfaden: Erfahren Sie, wer eine elektronische Reisegenehmigung ben\u00f6tigt, wie man sie beantragt und welche Vorteile diese neue Einreisebestimmung mit sich bringt.\" \/>\n<meta property=\"og:url\" content=\"https:\/\/etauk.co.uk\/de\/eligibility\/\" \/>\n<meta property=\"og:site_name\" content=\"ETAUK.co.uk\" \/>\n<meta property=\"article:modified_time\" content=\"2025-06-21T14:35:48+00:00\" \/>\n<meta property=\"og:image\" content=\"https:\/\/etauk.co.uk\/wp-content\/uploads\/2025\/02\/Validity-scaled.webp\" \/>\n\t<meta property=\"og:image:width\" content=\"2560\" \/>\n\t<meta property=\"og:image:height\" content=\"1054\" \/>\n\t<meta property=\"og:image:type\" content=\"image\/webp\" \/>\n<meta name=\"twitter:card\" content=\"summary_large_image\" \/>\n<meta name=\"twitter:title\" content=\"Brauche ich eine ETA f\u00fcr das Vereinigte K\u00f6nigreich?\" \/>\n<meta name=\"twitter:label1\" content=\"Gesch\u00e4tzte Lesezeit\" \/>\n\t<meta name=\"twitter:data1\" content=\"1\u00a0Minute\" \/>\n<script type=\"application\/ld+json\" class=\"yoast-schema-graph\">{\"@context\":\"https:\/\/schema.org\",\"@graph\":[{\"@type\":\"WebPage\",\"@id\":\"https:\/\/etauk.co.uk\/de\/eligibility\/\",\"url\":\"https:\/\/etauk.co.uk\/de\/eligibility\/\",\"name\":\"Ben\u00f6tige ich eine ETA f\u00fcr das Vereinigte K\u00f6nigreich? Pr\u00fcfen Sie, ob Sie f\u00f6rderf\u00e4hig sind!\",\"isPartOf\":{\"@id\":\"https:\/\/etauk.co.uk\/de\/#website\"},\"primaryImageOfPage\":{\"@id\":\"https:\/\/etauk.co.uk\/de\/eligibility\/#primaryimage\"},\"image\":{\"@id\":\"https:\/\/etauk.co.uk\/de\/eligibility\/#primaryimage\"},\"thumbnailUrl\":\"https:\/\/etauk.co.uk\/wp-content\/uploads\/2025\/02\/Validity-scaled.webp\",\"datePublished\":\"2025-02-27T09:01:06+00:00\",\"dateModified\":\"2025-06-21T14:35:48+00:00\",\"description\":\"GB ETA-Leitfaden: Erfahren Sie, wer eine elektronische Reisegenehmigung ben\u00f6tigt, wie man sie beantragt und welche Vorteile diese neue Einreisebestimmung mit sich bringt.\",\"breadcrumb\":{\"@id\":\"https:\/\/etauk.co.uk\/de\/eligibility\/#breadcrumb\"},\"inLanguage\":\"de\",\"potentialAction\":[{\"@type\":\"ReadAction\",\"target\":[\"https:\/\/etauk.co.uk\/de\/eligibility\/\"]}]},{\"@type\":\"ImageObject\",\"inLanguage\":\"de\",\"@id\":\"https:\/\/etauk.co.uk\/de\/eligibility\/#primaryimage\",\"url\":\"https:\/\/etauk.co.uk\/wp-content\/uploads\/2025\/02\/Validity-scaled.webp\",\"contentUrl\":\"https:\/\/etauk.co.uk\/wp-content\/uploads\/2025\/02\/Validity-scaled.webp\",\"width\":2560,\"height\":1054,\"caption\":\"Validity\"},{\"@type\":\"BreadcrumbList\",\"@id\":\"https:\/\/etauk.co.uk\/de\/eligibility\/#breadcrumb\",\"itemListElement\":[{\"@type\":\"ListItem\",\"position\":1,\"name\":\"Home\",\"item\":\"https:\/\/etauk.co.uk\/de\/\"},{\"@type\":\"ListItem\",\"position\":2,\"name\":\"Brauche ich eine ETA f\u00fcr das Vereinigte K\u00f6nigreich?\"}]},{\"@type\":\"WebSite\",\"@id\":\"https:\/\/etauk.co.uk\/de\/#website\",\"url\":\"https:\/\/etauk.co.uk\/de\/\",\"name\":\"ETAUK.co.uk\",\"description\":\"\",\"publisher\":{\"@id\":\"https:\/\/etauk.co.uk\/de\/#organization\"},\"potentialAction\":[{\"@type\":\"SearchAction\",\"target\":{\"@type\":\"EntryPoint\",\"urlTemplate\":\"https:\/\/etauk.co.uk\/de\/?s={search_term_string}\"},\"query-input\":{\"@type\":\"PropertyValueSpecification\",\"valueRequired\":true,\"valueName\":\"search_term_string\"}}],\"inLanguage\":\"de\"},{\"@type\":\"Organization\",\"@id\":\"https:\/\/etauk.co.uk\/de\/#organization\",\"name\":\"ETAUK.co.uk\",\"url\":\"https:\/\/etauk.co.uk\/de\/\",\"logo\":{\"@type\":\"ImageObject\",\"inLanguage\":\"de\",\"@id\":\"https:\/\/etauk.co.uk\/de\/#\/schema\/logo\/image\/\",\"url\":\"https:\/\/etauk.co.uk\/wp-content\/uploads\/2024\/07\/logo.png\",\"contentUrl\":\"https:\/\/etauk.co.uk\/wp-content\/uploads\/2024\/07\/logo.png\",\"width\":904,\"height\":192,\"caption\":\"ETAUK.co.uk\"},\"image\":{\"@id\":\"https:\/\/etauk.co.uk\/de\/#\/schema\/logo\/image\/\"}}]}<\/script>\n<!-- \/ Yoast SEO Premium plugin. -->","yoast_head_json":{"title":"Ben\u00f6tige ich eine ETA f\u00fcr das Vereinigte K\u00f6nigreich? Pr\u00fcfen Sie, ob Sie f\u00f6rderf\u00e4hig sind!","description":"GB ETA-Leitfaden: Erfahren Sie, wer eine elektronische Reisegenehmigung ben\u00f6tigt, wie man sie beantragt und welche Vorteile diese neue Einreisebestimmung mit sich bringt.","robots":{"index":"index","follow":"follow","max-snippet":"max-snippet:-1","max-image-preview":"max-image-preview:large","max-video-preview":"max-video-preview:-1"},"canonical":"https:\/\/etauk.co.uk\/de\/eligibility\/","og_locale":"de_DE","og_type":"article","og_title":"Ben\u00f6tige ich eine ETA f\u00fcr das Vereinigte K\u00f6nigreich? Pr\u00fcfen Sie, ob Sie f\u00f6rderf\u00e4hig sind!","og_description":"GB ETA-Leitfaden: Erfahren Sie, wer eine elektronische Reisegenehmigung ben\u00f6tigt, wie man sie beantragt und welche Vorteile diese neue Einreisebestimmung mit sich bringt.","og_url":"https:\/\/etauk.co.uk\/de\/eligibility\/","og_site_name":"ETAUK.co.uk","article_modified_time":"2025-06-21T14:35:48+00:00","og_image":[{"width":2560,"height":1054,"url":"https:\/\/etauk.co.uk\/wp-content\/uploads\/2025\/02\/Validity-scaled.webp","type":"image\/webp"}],"twitter_card":"summary_large_image","twitter_title":"Brauche ich eine ETA f\u00fcr das Vereinigte K\u00f6nigreich?","twitter_misc":{"Gesch\u00e4tzte Lesezeit":"1\u00a0Minute"},"schema":{"@context":"https:\/\/schema.org","@graph":[{"@type":"WebPage","@id":"https:\/\/etauk.co.uk\/de\/eligibility\/","url":"https:\/\/etauk.co.uk\/de\/eligibility\/","name":"Ben\u00f6tige ich eine ETA f\u00fcr das Vereinigte K\u00f6nigreich? Pr\u00fcfen Sie, ob Sie f\u00f6rderf\u00e4hig sind!","isPartOf":{"@id":"https:\/\/etauk.co.uk\/de\/#website"},"primaryImageOfPage":{"@id":"https:\/\/etauk.co.uk\/de\/eligibility\/#primaryimage"},"image":{"@id":"https:\/\/etauk.co.uk\/de\/eligibility\/#primaryimage"},"thumbnailUrl":"https:\/\/etauk.co.uk\/wp-content\/uploads\/2025\/02\/Validity-scaled.webp","datePublished":"2025-02-27T09:01:06+00:00","dateModified":"2025-06-21T14:35:48+00:00","description":"GB ETA-Leitfaden: Erfahren Sie, wer eine elektronische Reisegenehmigung ben\u00f6tigt, wie man sie beantragt und welche Vorteile diese neue Einreisebestimmung mit sich bringt.","breadcrumb":{"@id":"https:\/\/etauk.co.uk\/de\/eligibility\/#breadcrumb"},"inLanguage":"de","potentialAction":[{"@type":"ReadAction","target":["https:\/\/etauk.co.uk\/de\/eligibility\/"]}]},{"@type":"ImageObject","inLanguage":"de","@id":"https:\/\/etauk.co.uk\/de\/eligibility\/#primaryimage","url":"https:\/\/etauk.co.uk\/wp-content\/uploads\/2025\/02\/Validity-scaled.webp","contentUrl":"https:\/\/etauk.co.uk\/wp-content\/uploads\/2025\/02\/Validity-scaled.webp","width":2560,"height":1054,"caption":"Validity"},{"@type":"BreadcrumbList","@id":"https:\/\/etauk.co.uk\/de\/eligibility\/#breadcrumb","itemListElement":[{"@type":"ListItem","position":1,"name":"Home","item":"https:\/\/etauk.co.uk\/de\/"},{"@type":"ListItem","position":2,"name":"Brauche ich eine ETA f\u00fcr das Vereinigte K\u00f6nigreich?"}]},{"@type":"WebSite","@id":"https:\/\/etauk.co.uk\/de\/#website","url":"https:\/\/etauk.co.uk\/de\/","name":"ETAUK.co.uk","description":"","publisher":{"@id":"https:\/\/etauk.co.uk\/de\/#organization"},"potentialAction":[{"@type":"SearchAction","target":{"@type":"EntryPoint","urlTemplate":"https:\/\/etauk.co.uk\/de\/?s={search_term_string}"},"query-input":{"@type":"PropertyValueSpecification","valueRequired":true,"valueName":"search_term_string"}}],"inLanguage":"de"},{"@type":"Organization","@id":"https:\/\/etauk.co.uk\/de\/#organization","name":"ETAUK.co.uk","url":"https:\/\/etauk.co.uk\/de\/","logo":{"@type":"ImageObject","inLanguage":"de","@id":"https:\/\/etauk.co.uk\/de\/#\/schema\/logo\/image\/","url":"https:\/\/etauk.co.uk\/wp-content\/uploads\/2024\/07\/logo.png","contentUrl":"https:\/\/etauk.co.uk\/wp-content\/uploads\/2024\/07\/logo.png","width":904,"height":192,"caption":"ETAUK.co.uk"},"image":{"@id":"https:\/\/etauk.co.uk\/de\/#\/schema\/logo\/image\/"}}]}},"_links":{"self":[{"href":"https:\/\/etauk.co.uk\/de\/wp-json\/wp\/v2\/pages\/8201","targetHints":{"allow":["GET"]}}],"collection":[{"href":"https:\/\/etauk.co.uk\/de\/wp-json\/wp\/v2\/pages"}],"about":[{"href":"https:\/\/etauk.co.uk\/de\/wp-json\/wp\/v2\/types\/page"}],"author":[{"embeddable":true,"href":"https:\/\/etauk.co.uk\/de\/wp-json\/wp\/v2\/users\/2"}],"replies":[{"embeddable":true,"href":"https:\/\/etauk.co.uk\/de\/wp-json\/wp\/v2\/comments?post=8201"}],"version-history":[{"count":4,"href":"https:\/\/etauk.co.uk\/de\/wp-json\/wp\/v2\/pages\/8201\/revisions"}],"predecessor-version":[{"id":8933,"href":"https:\/\/etauk.co.uk\/de\/wp-json\/wp\/v2\/pages\/8201\/revisions\/8933"}],"wp:featuredmedia":[{"embeddable":true,"href":"https:\/\/etauk.co.uk\/de\/wp-json\/wp\/v2\/media\/6462"}],"wp:attachment":[{"href":"https:\/\/etauk.co.uk\/de\/wp-json\/wp\/v2\/media?parent=8201"}],"curies":[{"name":"wp","href":"https:\/\/api.w.org\/{rel}","templated":true}]}}