{"id":8139,"date":"2025-02-27T13:01:06","date_gmt":"2025-02-27T09:01:06","guid":{"rendered":"https:\/\/etauk.co.uk\/eligibility\/"},"modified":"2025-06-21T18:50:58","modified_gmt":"2025-06-21T14:50:58","slug":"eligibility","status":"publish","type":"page","link":"https:\/\/etauk.co.uk\/es\/eligibility\/","title":{"rendered":"\u00bfNecesito una ETA para entrar en el Reino Unido?"},"content":{"rendered":"","protected":false},"excerpt":{"rendered":"","protected":false},"author":2,"featured_media":6471,"parent":0,"menu_order":0,"comment_status":"closed","ping_status":"closed","template":"template-page.php","meta":{"_acf_changed":false,"inline_featured_image":false,"footnotes":""},"class_list":["post-8139","page","type-page","status-publish","has-post-thumbnail","hentry"],"acf":[],"yoast_head":"<!-- This site is optimized with the Yoast SEO Premium plugin v23.9 (Yoast SEO v23.9) - https:\/\/yoast.com\/wordpress\/plugins\/seo\/ -->\n<title>\u00bfNecesito una ETA para entrar en el Reino Unido? \u00a1Consulte si es apto para ella!<\/title>\n<meta name=\"description\" content=\"Gu\u00eda para la UK ETA: Descubra qui\u00e9n necesita la Autorizaci\u00f3n electr\u00f3nica de viaje, c\u00f3mo solicitarla y los beneficios de este nuevo requisito de entrada.\" \/>\n<meta name=\"robots\" content=\"index, follow, max-snippet:-1, max-image-preview:large, max-video-preview:-1\" \/>\n<link rel=\"canonical\" href=\"https:\/\/etauk.co.uk\/es\/eligibility\/\" \/>\n<meta property=\"og:locale\" content=\"es_ES\" \/>\n<meta property=\"og:type\" content=\"article\" \/>\n<meta property=\"og:title\" content=\"\u00bfNecesito una ETA para entrar en el Reino Unido? \u00a1Consulte si es apto para ella!\" \/>\n<meta property=\"og:description\" content=\"Gu\u00eda para la UK ETA: Descubra qui\u00e9n necesita la Autorizaci\u00f3n electr\u00f3nica de viaje, c\u00f3mo solicitarla y los beneficios de este nuevo requisito de entrada.\" \/>\n<meta property=\"og:url\" content=\"https:\/\/etauk.co.uk\/es\/eligibility\/\" \/>\n<meta property=\"og:site_name\" content=\"ETAUK.co.uk\" \/>\n<meta property=\"article:modified_time\" content=\"2025-06-21T14:50:58+00:00\" \/>\n<meta property=\"og:image\" content=\"https:\/\/etauk.co.uk\/wp-content\/uploads\/2025\/02\/Validity-scaled.webp\" \/>\n\t<meta property=\"og:image:width\" content=\"2560\" \/>\n\t<meta property=\"og:image:height\" content=\"1054\" \/>\n\t<meta property=\"og:image:type\" content=\"image\/webp\" \/>\n<meta name=\"twitter:card\" content=\"summary_large_image\" \/>\n<meta name=\"twitter:title\" content=\"\u00bfNecesito una ETA para entrar en el Reino Unido?\" \/>\n<meta name=\"twitter:label1\" content=\"Tiempo de lectura\" \/>\n\t<meta name=\"twitter:data1\" content=\"1 minuto\" \/>\n<script type=\"application\/ld+json\" class=\"yoast-schema-graph\">{\"@context\":\"https:\/\/schema.org\",\"@graph\":[{\"@type\":\"WebPage\",\"@id\":\"https:\/\/etauk.co.uk\/es\/eligibility\/\",\"url\":\"https:\/\/etauk.co.uk\/es\/eligibility\/\",\"name\":\"\u00bfNecesito una ETA para entrar en el Reino Unido? \u00a1Consulte si es apto para ella!\",\"isPartOf\":{\"@id\":\"https:\/\/etauk.co.uk\/es\/#website\"},\"primaryImageOfPage\":{\"@id\":\"https:\/\/etauk.co.uk\/es\/eligibility\/#primaryimage\"},\"image\":{\"@id\":\"https:\/\/etauk.co.uk\/es\/eligibility\/#primaryimage\"},\"thumbnailUrl\":\"https:\/\/etauk.co.uk\/wp-content\/uploads\/2025\/02\/Validity-scaled.webp\",\"datePublished\":\"2025-02-27T09:01:06+00:00\",\"dateModified\":\"2025-06-21T14:50:58+00:00\",\"description\":\"Gu\u00eda para la UK ETA: Descubra qui\u00e9n necesita la Autorizaci\u00f3n electr\u00f3nica de viaje, c\u00f3mo solicitarla y los beneficios de este nuevo requisito de entrada.\",\"breadcrumb\":{\"@id\":\"https:\/\/etauk.co.uk\/es\/eligibility\/#breadcrumb\"},\"inLanguage\":\"es\",\"potentialAction\":[{\"@type\":\"ReadAction\",\"target\":[\"https:\/\/etauk.co.uk\/es\/eligibility\/\"]}]},{\"@type\":\"ImageObject\",\"inLanguage\":\"es\",\"@id\":\"https:\/\/etauk.co.uk\/es\/eligibility\/#primaryimage\",\"url\":\"https:\/\/etauk.co.uk\/wp-content\/uploads\/2025\/02\/Validity-scaled.webp\",\"contentUrl\":\"https:\/\/etauk.co.uk\/wp-content\/uploads\/2025\/02\/Validity-scaled.webp\",\"width\":2560,\"height\":1054,\"caption\":\"Validity\"},{\"@type\":\"BreadcrumbList\",\"@id\":\"https:\/\/etauk.co.uk\/es\/eligibility\/#breadcrumb\",\"itemListElement\":[{\"@type\":\"ListItem\",\"position\":1,\"name\":\"Home\",\"item\":\"https:\/\/etauk.co.uk\/es\/\"},{\"@type\":\"ListItem\",\"position\":2,\"name\":\"\u00bfNecesito una ETA para entrar en el Reino Unido?\"}]},{\"@type\":\"WebSite\",\"@id\":\"https:\/\/etauk.co.uk\/es\/#website\",\"url\":\"https:\/\/etauk.co.uk\/es\/\",\"name\":\"ETAUK.co.uk\",\"description\":\"\",\"publisher\":{\"@id\":\"https:\/\/etauk.co.uk\/es\/#organization\"},\"potentialAction\":[{\"@type\":\"SearchAction\",\"target\":{\"@type\":\"EntryPoint\",\"urlTemplate\":\"https:\/\/etauk.co.uk\/es\/?s={search_term_string}\"},\"query-input\":{\"@type\":\"PropertyValueSpecification\",\"valueRequired\":true,\"valueName\":\"search_term_string\"}}],\"inLanguage\":\"es\"},{\"@type\":\"Organization\",\"@id\":\"https:\/\/etauk.co.uk\/es\/#organization\",\"name\":\"ETAUK.co.uk\",\"url\":\"https:\/\/etauk.co.uk\/es\/\",\"logo\":{\"@type\":\"ImageObject\",\"inLanguage\":\"es\",\"@id\":\"https:\/\/etauk.co.uk\/es\/#\/schema\/logo\/image\/\",\"url\":\"https:\/\/etauk.co.uk\/wp-content\/uploads\/2024\/07\/logo.png\",\"contentUrl\":\"https:\/\/etauk.co.uk\/wp-content\/uploads\/2024\/07\/logo.png\",\"width\":904,\"height\":192,\"caption\":\"ETAUK.co.uk\"},\"image\":{\"@id\":\"https:\/\/etauk.co.uk\/es\/#\/schema\/logo\/image\/\"}}]}<\/script>\n<!-- \/ Yoast SEO Premium plugin. -->","yoast_head_json":{"title":"\u00bfNecesito una ETA para entrar en el Reino Unido? \u00a1Consulte si es apto para ella!","description":"Gu\u00eda para la UK ETA: Descubra qui\u00e9n necesita la Autorizaci\u00f3n electr\u00f3nica de viaje, c\u00f3mo solicitarla y los beneficios de este nuevo requisito de entrada.","robots":{"index":"index","follow":"follow","max-snippet":"max-snippet:-1","max-image-preview":"max-image-preview:large","max-video-preview":"max-video-preview:-1"},"canonical":"https:\/\/etauk.co.uk\/es\/eligibility\/","og_locale":"es_ES","og_type":"article","og_title":"\u00bfNecesito una ETA para entrar en el Reino Unido? \u00a1Consulte si es apto para ella!","og_description":"Gu\u00eda para la UK ETA: Descubra qui\u00e9n necesita la Autorizaci\u00f3n electr\u00f3nica de viaje, c\u00f3mo solicitarla y los beneficios de este nuevo requisito de entrada.","og_url":"https:\/\/etauk.co.uk\/es\/eligibility\/","og_site_name":"ETAUK.co.uk","article_modified_time":"2025-06-21T14:50:58+00:00","og_image":[{"width":2560,"height":1054,"url":"https:\/\/etauk.co.uk\/wp-content\/uploads\/2025\/02\/Validity-scaled.webp","type":"image\/webp"}],"twitter_card":"summary_large_image","twitter_title":"\u00bfNecesito una ETA para entrar en el Reino Unido?","twitter_misc":{"Tiempo de lectura":"1 minuto"},"schema":{"@context":"https:\/\/schema.org","@graph":[{"@type":"WebPage","@id":"https:\/\/etauk.co.uk\/es\/eligibility\/","url":"https:\/\/etauk.co.uk\/es\/eligibility\/","name":"\u00bfNecesito una ETA para entrar en el Reino Unido? \u00a1Consulte si es apto para ella!","isPartOf":{"@id":"https:\/\/etauk.co.uk\/es\/#website"},"primaryImageOfPage":{"@id":"https:\/\/etauk.co.uk\/es\/eligibility\/#primaryimage"},"image":{"@id":"https:\/\/etauk.co.uk\/es\/eligibility\/#primaryimage"},"thumbnailUrl":"https:\/\/etauk.co.uk\/wp-content\/uploads\/2025\/02\/Validity-scaled.webp","datePublished":"2025-02-27T09:01:06+00:00","dateModified":"2025-06-21T14:50:58+00:00","description":"Gu\u00eda para la UK ETA: Descubra qui\u00e9n necesita la Autorizaci\u00f3n electr\u00f3nica de viaje, c\u00f3mo solicitarla y los beneficios de este nuevo requisito de entrada.","breadcrumb":{"@id":"https:\/\/etauk.co.uk\/es\/eligibility\/#breadcrumb"},"inLanguage":"es","potentialAction":[{"@type":"ReadAction","target":["https:\/\/etauk.co.uk\/es\/eligibility\/"]}]},{"@type":"ImageObject","inLanguage":"es","@id":"https:\/\/etauk.co.uk\/es\/eligibility\/#primaryimage","url":"https:\/\/etauk.co.uk\/wp-content\/uploads\/2025\/02\/Validity-scaled.webp","contentUrl":"https:\/\/etauk.co.uk\/wp-content\/uploads\/2025\/02\/Validity-scaled.webp","width":2560,"height":1054,"caption":"Validity"},{"@type":"BreadcrumbList","@id":"https:\/\/etauk.co.uk\/es\/eligibility\/#breadcrumb","itemListElement":[{"@type":"ListItem","position":1,"name":"Home","item":"https:\/\/etauk.co.uk\/es\/"},{"@type":"ListItem","position":2,"name":"\u00bfNecesito una ETA para entrar en el Reino Unido?"}]},{"@type":"WebSite","@id":"https:\/\/etauk.co.uk\/es\/#website","url":"https:\/\/etauk.co.uk\/es\/","name":"ETAUK.co.uk","description":"","publisher":{"@id":"https:\/\/etauk.co.uk\/es\/#organization"},"potentialAction":[{"@type":"SearchAction","target":{"@type":"EntryPoint","urlTemplate":"https:\/\/etauk.co.uk\/es\/?s={search_term_string}"},"query-input":{"@type":"PropertyValueSpecification","valueRequired":true,"valueName":"search_term_string"}}],"inLanguage":"es"},{"@type":"Organization","@id":"https:\/\/etauk.co.uk\/es\/#organization","name":"ETAUK.co.uk","url":"https:\/\/etauk.co.uk\/es\/","logo":{"@type":"ImageObject","inLanguage":"es","@id":"https:\/\/etauk.co.uk\/es\/#\/schema\/logo\/image\/","url":"https:\/\/etauk.co.uk\/wp-content\/uploads\/2024\/07\/logo.png","contentUrl":"https:\/\/etauk.co.uk\/wp-content\/uploads\/2024\/07\/logo.png","width":904,"height":192,"caption":"ETAUK.co.uk"},"image":{"@id":"https:\/\/etauk.co.uk\/es\/#\/schema\/logo\/image\/"}}]}},"_links":{"self":[{"href":"https:\/\/etauk.co.uk\/es\/wp-json\/wp\/v2\/pages\/8139","targetHints":{"allow":["GET"]}}],"collection":[{"href":"https:\/\/etauk.co.uk\/es\/wp-json\/wp\/v2\/pages"}],"about":[{"href":"https:\/\/etauk.co.uk\/es\/wp-json\/wp\/v2\/types\/page"}],"author":[{"embeddable":true,"href":"https:\/\/etauk.co.uk\/es\/wp-json\/wp\/v2\/users\/2"}],"replies":[{"embeddable":true,"href":"https:\/\/etauk.co.uk\/es\/wp-json\/wp\/v2\/comments?post=8139"}],"version-history":[{"count":7,"href":"https:\/\/etauk.co.uk\/es\/wp-json\/wp\/v2\/pages\/8139\/revisions"}],"predecessor-version":[{"id":8943,"href":"https:\/\/etauk.co.uk\/es\/wp-json\/wp\/v2\/pages\/8139\/revisions\/8943"}],"wp:featuredmedia":[{"embeddable":true,"href":"https:\/\/etauk.co.uk\/es\/wp-json\/wp\/v2\/media\/6471"}],"wp:attachment":[{"href":"https:\/\/etauk.co.uk\/es\/wp-json\/wp\/v2\/media?parent=8139"}],"curies":[{"name":"wp","href":"https:\/\/api.w.org\/{rel}","templated":true}]}}