{"id":423,"date":"2024-09-01T14:15:07","date_gmt":"2024-09-01T10:15:07","guid":{"rendered":"https:\/\/mav.uketa.com\/uk-eta-application\/"},"modified":"2025-12-10T02:17:32","modified_gmt":"2025-12-09T22:17:32","slug":"application","status":"publish","type":"page","link":"https:\/\/etauk.co.uk\/fr\/application\/","title":{"rendered":"Demande d\u2019autorisation UK ETA"},"content":{"rendered":"","protected":false},"excerpt":{"rendered":"","protected":false},"author":2,"featured_media":0,"parent":0,"menu_order":0,"comment_status":"closed","ping_status":"closed","template":"template-application.php","meta":{"_acf_changed":false,"inline_featured_image":false,"footnotes":""},"class_list":["post-423","page","type-page","status-publish","hentry"],"acf":[],"yoast_head":"<!-- This site is optimized with the Yoast SEO Premium plugin v23.9 (Yoast SEO v23.9) - https:\/\/yoast.com\/wordpress\/plugins\/seo\/ -->\n<title>Demande d&#039;ETA pour le Royaume-Uni : \u00c9ligibilit\u00e9, exigences et proc\u00e9dure<\/title>\n<meta name=\"description\" content=\"D\u00e9couvrez toutes les choses \u00e0 savoir sur la demande d&#039;autorisation UK ETA. Notre guide d\u00e9taill\u00e9 couvre la proc\u00e9dure de demande en ligne, les frais et les exigences.\" \/>\n<meta name=\"robots\" content=\"index, follow, max-snippet:-1, max-image-preview:large, max-video-preview:-1\" \/>\n<link rel=\"canonical\" href=\"https:\/\/etauk.co.uk\/fr\/application\/\" \/>\n<meta property=\"og:locale\" content=\"fr_FR\" \/>\n<meta property=\"og:type\" content=\"article\" \/>\n<meta property=\"og:title\" content=\"Demande d&#039;ETA pour le Royaume-Uni : \u00c9ligibilit\u00e9, exigences et proc\u00e9dure\" \/>\n<meta property=\"og:description\" content=\"D\u00e9couvrez toutes les choses \u00e0 savoir sur la demande d&#039;autorisation UK ETA. Notre guide d\u00e9taill\u00e9 couvre la proc\u00e9dure de demande en ligne, les frais et les exigences.\" \/>\n<meta property=\"og:url\" content=\"https:\/\/etauk.co.uk\/fr\/application\/\" \/>\n<meta property=\"og:site_name\" content=\"ETAUK.co.uk\" \/>\n<meta property=\"article:modified_time\" content=\"2025-12-09T22:17:32+00:00\" \/>\n<meta name=\"twitter:card\" content=\"summary_large_image\" \/>\n<meta name=\"twitter:title\" content=\"Demande d\u2019autorisation UK ETA\" \/>\n<script type=\"application\/ld+json\" class=\"yoast-schema-graph\">{\"@context\":\"https:\/\/schema.org\",\"@graph\":[{\"@type\":\"WebPage\",\"@id\":\"https:\/\/etauk.co.uk\/fr\/application\/\",\"url\":\"https:\/\/etauk.co.uk\/fr\/application\/\",\"name\":\"Demande d'ETA pour le Royaume-Uni : \u00c9ligibilit\u00e9, exigences et proc\u00e9dure\",\"isPartOf\":{\"@id\":\"https:\/\/etauk.co.uk\/fr\/#website\"},\"datePublished\":\"2024-09-01T10:15:07+00:00\",\"dateModified\":\"2025-12-09T22:17:32+00:00\",\"description\":\"D\u00e9couvrez toutes les choses \u00e0 savoir sur la demande d'autorisation UK ETA. Notre guide d\u00e9taill\u00e9 couvre la proc\u00e9dure de demande en ligne, les frais et les exigences.\",\"breadcrumb\":{\"@id\":\"https:\/\/etauk.co.uk\/fr\/application\/#breadcrumb\"},\"inLanguage\":\"fr-FR\",\"potentialAction\":[{\"@type\":\"ReadAction\",\"target\":[\"https:\/\/etauk.co.uk\/fr\/application\/\"]}]},{\"@type\":\"BreadcrumbList\",\"@id\":\"https:\/\/etauk.co.uk\/fr\/application\/#breadcrumb\",\"itemListElement\":[{\"@type\":\"ListItem\",\"position\":1,\"name\":\"Home\",\"item\":\"https:\/\/etauk.co.uk\/fr\/\"},{\"@type\":\"ListItem\",\"position\":2,\"name\":\"Demande d\u2019autorisation UK ETA\"}]},{\"@type\":\"WebSite\",\"@id\":\"https:\/\/etauk.co.uk\/fr\/#website\",\"url\":\"https:\/\/etauk.co.uk\/fr\/\",\"name\":\"ETAUK.co.uk\",\"description\":\"\",\"publisher\":{\"@id\":\"https:\/\/etauk.co.uk\/fr\/#organization\"},\"potentialAction\":[{\"@type\":\"SearchAction\",\"target\":{\"@type\":\"EntryPoint\",\"urlTemplate\":\"https:\/\/etauk.co.uk\/fr\/?s={search_term_string}\"},\"query-input\":{\"@type\":\"PropertyValueSpecification\",\"valueRequired\":true,\"valueName\":\"search_term_string\"}}],\"inLanguage\":\"fr-FR\"},{\"@type\":\"Organization\",\"@id\":\"https:\/\/etauk.co.uk\/fr\/#organization\",\"name\":\"ETAUK.co.uk\",\"url\":\"https:\/\/etauk.co.uk\/fr\/\",\"logo\":{\"@type\":\"ImageObject\",\"inLanguage\":\"fr-FR\",\"@id\":\"https:\/\/etauk.co.uk\/fr\/#\/schema\/logo\/image\/\",\"url\":\"https:\/\/etauk.co.uk\/wp-content\/uploads\/2024\/07\/logo.png\",\"contentUrl\":\"https:\/\/etauk.co.uk\/wp-content\/uploads\/2024\/07\/logo.png\",\"width\":904,\"height\":192,\"caption\":\"ETAUK.co.uk\"},\"image\":{\"@id\":\"https:\/\/etauk.co.uk\/fr\/#\/schema\/logo\/image\/\"}}]}<\/script>\n<!-- \/ Yoast SEO Premium plugin. -->","yoast_head_json":{"title":"Demande d'ETA pour le Royaume-Uni : \u00c9ligibilit\u00e9, exigences et proc\u00e9dure","description":"D\u00e9couvrez toutes les choses \u00e0 savoir sur la demande d'autorisation UK ETA. Notre guide d\u00e9taill\u00e9 couvre la proc\u00e9dure de demande en ligne, les frais et les exigences.","robots":{"index":"index","follow":"follow","max-snippet":"max-snippet:-1","max-image-preview":"max-image-preview:large","max-video-preview":"max-video-preview:-1"},"canonical":"https:\/\/etauk.co.uk\/fr\/application\/","og_locale":"fr_FR","og_type":"article","og_title":"Demande d'ETA pour le Royaume-Uni : \u00c9ligibilit\u00e9, exigences et proc\u00e9dure","og_description":"D\u00e9couvrez toutes les choses \u00e0 savoir sur la demande d'autorisation UK ETA. Notre guide d\u00e9taill\u00e9 couvre la proc\u00e9dure de demande en ligne, les frais et les exigences.","og_url":"https:\/\/etauk.co.uk\/fr\/application\/","og_site_name":"ETAUK.co.uk","article_modified_time":"2025-12-09T22:17:32+00:00","twitter_card":"summary_large_image","twitter_title":"Demande d\u2019autorisation UK ETA","schema":{"@context":"https:\/\/schema.org","@graph":[{"@type":"WebPage","@id":"https:\/\/etauk.co.uk\/fr\/application\/","url":"https:\/\/etauk.co.uk\/fr\/application\/","name":"Demande d'ETA pour le Royaume-Uni : \u00c9ligibilit\u00e9, exigences et proc\u00e9dure","isPartOf":{"@id":"https:\/\/etauk.co.uk\/fr\/#website"},"datePublished":"2024-09-01T10:15:07+00:00","dateModified":"2025-12-09T22:17:32+00:00","description":"D\u00e9couvrez toutes les choses \u00e0 savoir sur la demande d'autorisation UK ETA. Notre guide d\u00e9taill\u00e9 couvre la proc\u00e9dure de demande en ligne, les frais et les exigences.","breadcrumb":{"@id":"https:\/\/etauk.co.uk\/fr\/application\/#breadcrumb"},"inLanguage":"fr-FR","potentialAction":[{"@type":"ReadAction","target":["https:\/\/etauk.co.uk\/fr\/application\/"]}]},{"@type":"BreadcrumbList","@id":"https:\/\/etauk.co.uk\/fr\/application\/#breadcrumb","itemListElement":[{"@type":"ListItem","position":1,"name":"Home","item":"https:\/\/etauk.co.uk\/fr\/"},{"@type":"ListItem","position":2,"name":"Demande d\u2019autorisation UK ETA"}]},{"@type":"WebSite","@id":"https:\/\/etauk.co.uk\/fr\/#website","url":"https:\/\/etauk.co.uk\/fr\/","name":"ETAUK.co.uk","description":"","publisher":{"@id":"https:\/\/etauk.co.uk\/fr\/#organization"},"potentialAction":[{"@type":"SearchAction","target":{"@type":"EntryPoint","urlTemplate":"https:\/\/etauk.co.uk\/fr\/?s={search_term_string}"},"query-input":{"@type":"PropertyValueSpecification","valueRequired":true,"valueName":"search_term_string"}}],"inLanguage":"fr-FR"},{"@type":"Organization","@id":"https:\/\/etauk.co.uk\/fr\/#organization","name":"ETAUK.co.uk","url":"https:\/\/etauk.co.uk\/fr\/","logo":{"@type":"ImageObject","inLanguage":"fr-FR","@id":"https:\/\/etauk.co.uk\/fr\/#\/schema\/logo\/image\/","url":"https:\/\/etauk.co.uk\/wp-content\/uploads\/2024\/07\/logo.png","contentUrl":"https:\/\/etauk.co.uk\/wp-content\/uploads\/2024\/07\/logo.png","width":904,"height":192,"caption":"ETAUK.co.uk"},"image":{"@id":"https:\/\/etauk.co.uk\/fr\/#\/schema\/logo\/image\/"}}]}},"_links":{"self":[{"href":"https:\/\/etauk.co.uk\/fr\/wp-json\/wp\/v2\/pages\/423","targetHints":{"allow":["GET"]}}],"collection":[{"href":"https:\/\/etauk.co.uk\/fr\/wp-json\/wp\/v2\/pages"}],"about":[{"href":"https:\/\/etauk.co.uk\/fr\/wp-json\/wp\/v2\/types\/page"}],"author":[{"embeddable":true,"href":"https:\/\/etauk.co.uk\/fr\/wp-json\/wp\/v2\/users\/2"}],"replies":[{"embeddable":true,"href":"https:\/\/etauk.co.uk\/fr\/wp-json\/wp\/v2\/comments?post=423"}],"version-history":[{"count":10,"href":"https:\/\/etauk.co.uk\/fr\/wp-json\/wp\/v2\/pages\/423\/revisions"}],"predecessor-version":[{"id":9108,"href":"https:\/\/etauk.co.uk\/fr\/wp-json\/wp\/v2\/pages\/423\/revisions\/9108"}],"wp:attachment":[{"href":"https:\/\/etauk.co.uk\/fr\/wp-json\/wp\/v2\/media?parent=423"}],"curies":[{"name":"wp","href":"https:\/\/api.w.org\/{rel}","templated":true}]}}