{"id":429,"date":"2024-01-23T15:27:15","date_gmt":"2024-01-23T11:27:15","guid":{"rendered":"https:\/\/mav.uketa.com\/home\/"},"modified":"2026-03-06T01:04:53","modified_gmt":"2026-03-05T21:04:53","slug":"home","status":"publish","type":"page","link":"https:\/\/etauk.co.uk\/fr\/","title":{"rendered":"L\u2019autorisation de voyage \u00e9lectronique pour le Royaume-Uni"},"content":{"rendered":"","protected":false},"excerpt":{"rendered":"","protected":false},"author":1,"featured_media":452,"parent":0,"menu_order":0,"comment_status":"closed","ping_status":"closed","template":"template-home.php","meta":{"_acf_changed":false,"inline_featured_image":false,"footnotes":""},"class_list":["post-429","page","type-page","status-publish","has-post-thumbnail","hentry"],"acf":[],"yoast_head":"<!-- This site is optimized with the Yoast SEO Premium plugin v23.9 (Yoast SEO v23.9) - https:\/\/yoast.com\/wordpress\/plugins\/seo\/ -->\n<title>L\u2019autorisation de voyage \u00e9lectronique pour le Royaume-Uni | ETAUK.co.uk<\/title>\n<meta name=\"description\" content=\"D\u00e9couvrez les principales informations relatives \u00e0 l&#039;autorisation UK ETA : \u00e9ligibilit\u00e9, exigences et validit\u00e9. Demande d&#039;autorisation de voyage \u00e9lectronique pour le Royaume-Uni.\" \/>\n<meta name=\"robots\" content=\"index, follow, max-snippet:-1, max-image-preview:large, max-video-preview:-1\" \/>\n<link rel=\"canonical\" href=\"https:\/\/etauk.co.uk\/fr\/\" \/>\n<meta property=\"og:locale\" content=\"fr_FR\" \/>\n<meta property=\"og:type\" content=\"article\" \/>\n<meta property=\"og:title\" content=\"L\u2019autorisation de voyage \u00e9lectronique pour le Royaume-Uni\" \/>\n<meta property=\"og:description\" content=\"D\u00e9couvrez les principales informations relatives \u00e0 l&#039;autorisation UK ETA : \u00e9ligibilit\u00e9, exigences et validit\u00e9. Demande d&#039;autorisation de voyage \u00e9lectronique pour le Royaume-Uni.\" \/>\n<meta property=\"og:url\" content=\"https:\/\/etauk.co.uk\/fr\/\" \/>\n<meta property=\"og:site_name\" content=\"ETAUK.co.uk\" \/>\n<meta property=\"article:modified_time\" content=\"2026-03-05T21:04:53+00:00\" \/>\n<meta name=\"twitter:card\" content=\"summary_large_image\" \/>\n<meta name=\"twitter:label1\" content=\"Dur\u00e9e de lecture estim\u00e9e\" \/>\n\t<meta name=\"twitter:data1\" content=\"1 minute\" \/>\n<script type=\"application\/ld+json\" class=\"yoast-schema-graph\">{\"@context\":\"https:\/\/schema.org\",\"@graph\":[{\"@type\":\"WebPage\",\"@id\":\"https:\/\/etauk.co.uk\/fr\/\",\"url\":\"https:\/\/etauk.co.uk\/fr\/\",\"name\":\"L\u2019autorisation de voyage \u00e9lectronique pour le Royaume-Uni | ETAUK.co.uk\",\"isPartOf\":{\"@id\":\"https:\/\/etauk.co.uk\/fr\/#website\"},\"primaryImageOfPage\":{\"@id\":\"https:\/\/etauk.co.uk\/fr\/#primaryimage\"},\"image\":{\"@id\":\"https:\/\/etauk.co.uk\/fr\/#primaryimage\"},\"thumbnailUrl\":\"https:\/\/etauk.co.uk\/wp-content\/uploads\/2024\/02\/favicon.svg\",\"datePublished\":\"2024-01-23T11:27:15+00:00\",\"dateModified\":\"2026-03-05T21:04:53+00:00\",\"description\":\"D\u00e9couvrez les principales informations relatives \u00e0 l'autorisation UK ETA : \u00e9ligibilit\u00e9, exigences et validit\u00e9. Demande d'autorisation de voyage \u00e9lectronique pour le Royaume-Uni.\",\"breadcrumb\":{\"@id\":\"https:\/\/etauk.co.uk\/fr\/#breadcrumb\"},\"inLanguage\":\"fr-FR\",\"potentialAction\":[{\"@type\":\"ReadAction\",\"target\":[\"https:\/\/etauk.co.uk\/fr\/\"]}]},{\"@type\":\"ImageObject\",\"inLanguage\":\"fr-FR\",\"@id\":\"https:\/\/etauk.co.uk\/fr\/#primaryimage\",\"url\":\"https:\/\/etauk.co.uk\/wp-content\/uploads\/2024\/02\/favicon.svg\",\"contentUrl\":\"https:\/\/etauk.co.uk\/wp-content\/uploads\/2024\/02\/favicon.svg\",\"width\":70,\"height\":70,\"caption\":\"UKETA.com logo\"},{\"@type\":\"BreadcrumbList\",\"@id\":\"https:\/\/etauk.co.uk\/fr\/#breadcrumb\",\"itemListElement\":[{\"@type\":\"ListItem\",\"position\":1,\"name\":\"Home\",\"item\":\"https:\/\/etauk.co.uk\/fr\/\"},{\"@type\":\"ListItem\",\"position\":2,\"name\":\"L\u2019autorisation de voyage \u00e9lectronique pour le Royaume-Uni\"}]},{\"@type\":\"WebSite\",\"@id\":\"https:\/\/etauk.co.uk\/fr\/#website\",\"url\":\"https:\/\/etauk.co.uk\/fr\/\",\"name\":\"ETAUK.co.uk\",\"description\":\"\",\"publisher\":{\"@id\":\"https:\/\/etauk.co.uk\/fr\/#organization\"},\"potentialAction\":[{\"@type\":\"SearchAction\",\"target\":{\"@type\":\"EntryPoint\",\"urlTemplate\":\"https:\/\/etauk.co.uk\/fr\/?s={search_term_string}\"},\"query-input\":{\"@type\":\"PropertyValueSpecification\",\"valueRequired\":true,\"valueName\":\"search_term_string\"}}],\"inLanguage\":\"fr-FR\"},{\"@type\":\"Organization\",\"@id\":\"https:\/\/etauk.co.uk\/fr\/#organization\",\"name\":\"ETAUK.co.uk\",\"url\":\"https:\/\/etauk.co.uk\/fr\/\",\"logo\":{\"@type\":\"ImageObject\",\"inLanguage\":\"fr-FR\",\"@id\":\"https:\/\/etauk.co.uk\/fr\/#\/schema\/logo\/image\/\",\"url\":\"https:\/\/etauk.co.uk\/wp-content\/uploads\/2024\/07\/logo.png\",\"contentUrl\":\"https:\/\/etauk.co.uk\/wp-content\/uploads\/2024\/07\/logo.png\",\"width\":904,\"height\":192,\"caption\":\"ETAUK.co.uk\"},\"image\":{\"@id\":\"https:\/\/etauk.co.uk\/fr\/#\/schema\/logo\/image\/\"}}]}<\/script>\n<!-- \/ Yoast SEO Premium plugin. -->","yoast_head_json":{"title":"L\u2019autorisation de voyage \u00e9lectronique pour le Royaume-Uni | ETAUK.co.uk","description":"D\u00e9couvrez les principales informations relatives \u00e0 l'autorisation UK ETA : \u00e9ligibilit\u00e9, exigences et validit\u00e9. Demande d'autorisation de voyage \u00e9lectronique pour le Royaume-Uni.","robots":{"index":"index","follow":"follow","max-snippet":"max-snippet:-1","max-image-preview":"max-image-preview:large","max-video-preview":"max-video-preview:-1"},"canonical":"https:\/\/etauk.co.uk\/fr\/","og_locale":"fr_FR","og_type":"article","og_title":"L\u2019autorisation de voyage \u00e9lectronique pour le Royaume-Uni","og_description":"D\u00e9couvrez les principales informations relatives \u00e0 l'autorisation UK ETA : \u00e9ligibilit\u00e9, exigences et validit\u00e9. Demande d'autorisation de voyage \u00e9lectronique pour le Royaume-Uni.","og_url":"https:\/\/etauk.co.uk\/fr\/","og_site_name":"ETAUK.co.uk","article_modified_time":"2026-03-05T21:04:53+00:00","twitter_card":"summary_large_image","twitter_misc":{"Dur\u00e9e de lecture estim\u00e9e":"1 minute"},"schema":{"@context":"https:\/\/schema.org","@graph":[{"@type":"WebPage","@id":"https:\/\/etauk.co.uk\/fr\/","url":"https:\/\/etauk.co.uk\/fr\/","name":"L\u2019autorisation de voyage \u00e9lectronique pour le Royaume-Uni | ETAUK.co.uk","isPartOf":{"@id":"https:\/\/etauk.co.uk\/fr\/#website"},"primaryImageOfPage":{"@id":"https:\/\/etauk.co.uk\/fr\/#primaryimage"},"image":{"@id":"https:\/\/etauk.co.uk\/fr\/#primaryimage"},"thumbnailUrl":"https:\/\/etauk.co.uk\/wp-content\/uploads\/2024\/02\/favicon.svg","datePublished":"2024-01-23T11:27:15+00:00","dateModified":"2026-03-05T21:04:53+00:00","description":"D\u00e9couvrez les principales informations relatives \u00e0 l'autorisation UK ETA : \u00e9ligibilit\u00e9, exigences et validit\u00e9. Demande d'autorisation de voyage \u00e9lectronique pour le Royaume-Uni.","breadcrumb":{"@id":"https:\/\/etauk.co.uk\/fr\/#breadcrumb"},"inLanguage":"fr-FR","potentialAction":[{"@type":"ReadAction","target":["https:\/\/etauk.co.uk\/fr\/"]}]},{"@type":"ImageObject","inLanguage":"fr-FR","@id":"https:\/\/etauk.co.uk\/fr\/#primaryimage","url":"https:\/\/etauk.co.uk\/wp-content\/uploads\/2024\/02\/favicon.svg","contentUrl":"https:\/\/etauk.co.uk\/wp-content\/uploads\/2024\/02\/favicon.svg","width":70,"height":70,"caption":"UKETA.com logo"},{"@type":"BreadcrumbList","@id":"https:\/\/etauk.co.uk\/fr\/#breadcrumb","itemListElement":[{"@type":"ListItem","position":1,"name":"Home","item":"https:\/\/etauk.co.uk\/fr\/"},{"@type":"ListItem","position":2,"name":"L\u2019autorisation de voyage \u00e9lectronique pour le Royaume-Uni"}]},{"@type":"WebSite","@id":"https:\/\/etauk.co.uk\/fr\/#website","url":"https:\/\/etauk.co.uk\/fr\/","name":"ETAUK.co.uk","description":"","publisher":{"@id":"https:\/\/etauk.co.uk\/fr\/#organization"},"potentialAction":[{"@type":"SearchAction","target":{"@type":"EntryPoint","urlTemplate":"https:\/\/etauk.co.uk\/fr\/?s={search_term_string}"},"query-input":{"@type":"PropertyValueSpecification","valueRequired":true,"valueName":"search_term_string"}}],"inLanguage":"fr-FR"},{"@type":"Organization","@id":"https:\/\/etauk.co.uk\/fr\/#organization","name":"ETAUK.co.uk","url":"https:\/\/etauk.co.uk\/fr\/","logo":{"@type":"ImageObject","inLanguage":"fr-FR","@id":"https:\/\/etauk.co.uk\/fr\/#\/schema\/logo\/image\/","url":"https:\/\/etauk.co.uk\/wp-content\/uploads\/2024\/07\/logo.png","contentUrl":"https:\/\/etauk.co.uk\/wp-content\/uploads\/2024\/07\/logo.png","width":904,"height":192,"caption":"ETAUK.co.uk"},"image":{"@id":"https:\/\/etauk.co.uk\/fr\/#\/schema\/logo\/image\/"}}]}},"_links":{"self":[{"href":"https:\/\/etauk.co.uk\/fr\/wp-json\/wp\/v2\/pages\/429","targetHints":{"allow":["GET"]}}],"collection":[{"href":"https:\/\/etauk.co.uk\/fr\/wp-json\/wp\/v2\/pages"}],"about":[{"href":"https:\/\/etauk.co.uk\/fr\/wp-json\/wp\/v2\/types\/page"}],"author":[{"embeddable":true,"href":"https:\/\/etauk.co.uk\/fr\/wp-json\/wp\/v2\/users\/1"}],"replies":[{"embeddable":true,"href":"https:\/\/etauk.co.uk\/fr\/wp-json\/wp\/v2\/comments?post=429"}],"version-history":[{"count":15,"href":"https:\/\/etauk.co.uk\/fr\/wp-json\/wp\/v2\/pages\/429\/revisions"}],"predecessor-version":[{"id":9132,"href":"https:\/\/etauk.co.uk\/fr\/wp-json\/wp\/v2\/pages\/429\/revisions\/9132"}],"wp:featuredmedia":[{"embeddable":true,"href":"https:\/\/etauk.co.uk\/fr\/wp-json\/wp\/v2\/media\/452"}],"wp:attachment":[{"href":"https:\/\/etauk.co.uk\/fr\/wp-json\/wp\/v2\/media?parent=429"}],"curies":[{"name":"wp","href":"https:\/\/api.w.org\/{rel}","templated":true}]}}