{"id":8205,"date":"2025-02-27T13:01:06","date_gmt":"2025-02-27T09:01:06","guid":{"rendered":"https:\/\/etauk.co.uk\/eligibility\/"},"modified":"2025-06-21T18:34:17","modified_gmt":"2025-06-21T14:34:17","slug":"eligibility","status":"publish","type":"page","link":"https:\/\/etauk.co.uk\/fr\/eligibility\/","title":{"rendered":"Ai-je besoin d&rsquo;une ETA pour le Royaume-Uni ?"},"content":{"rendered":"","protected":false},"excerpt":{"rendered":"","protected":false},"author":2,"featured_media":6461,"parent":0,"menu_order":0,"comment_status":"closed","ping_status":"closed","template":"template-page.php","meta":{"_acf_changed":false,"inline_featured_image":false,"footnotes":""},"class_list":["post-8205","page","type-page","status-publish","has-post-thumbnail","hentry"],"acf":[],"yoast_head":"<!-- This site is optimized with the Yoast SEO Premium plugin v23.9 (Yoast SEO v23.9) - https:\/\/yoast.com\/wordpress\/plugins\/seo\/ -->\n<title>Ai-je besoin d&#039;une ETA pour le Royaume-Uni ? V\u00e9rifiez si vous \u00eates \u00e9ligible !<\/title>\n<meta name=\"description\" content=\"Guide de l&#039;ETA UK pour le Royaume-Uni : D\u00e9couvrez qui a besoin d&#039;une autorisation de voyage \u00e9lectronique, comment faire une demande et quels sont les avantages de cette nouvelle exigence d&#039;entr\u00e9e.\" \/>\n<meta name=\"robots\" content=\"index, follow, max-snippet:-1, max-image-preview:large, max-video-preview:-1\" \/>\n<link rel=\"canonical\" href=\"https:\/\/etauk.co.uk\/fr\/eligibility\/\" \/>\n<meta property=\"og:locale\" content=\"fr_FR\" \/>\n<meta property=\"og:type\" content=\"article\" \/>\n<meta property=\"og:title\" content=\"Ai-je besoin d&#039;une ETA pour le Royaume-Uni ? V\u00e9rifiez si vous \u00eates \u00e9ligible !\" \/>\n<meta property=\"og:description\" content=\"Guide de l&#039;ETA UK pour le Royaume-Uni : D\u00e9couvrez qui a besoin d&#039;une autorisation de voyage \u00e9lectronique, comment faire une demande et quels sont les avantages de cette nouvelle exigence d&#039;entr\u00e9e.\" \/>\n<meta property=\"og:url\" content=\"https:\/\/etauk.co.uk\/fr\/eligibility\/\" \/>\n<meta property=\"og:site_name\" content=\"ETAUK.co.uk\" \/>\n<meta property=\"article:modified_time\" content=\"2025-06-21T14:34:17+00:00\" \/>\n<meta property=\"og:image\" content=\"https:\/\/etauk.co.uk\/wp-content\/uploads\/2025\/02\/Validity-scaled.webp\" \/>\n\t<meta property=\"og:image:width\" content=\"2560\" \/>\n\t<meta property=\"og:image:height\" content=\"1054\" \/>\n\t<meta property=\"og:image:type\" content=\"image\/webp\" \/>\n<meta name=\"twitter:card\" content=\"summary_large_image\" \/>\n<meta name=\"twitter:title\" content=\"Ai-je besoin d&#039;une ETA pour le Royaume-Uni ?\" \/>\n<meta name=\"twitter:label1\" content=\"Dur\u00e9e de lecture estim\u00e9e\" \/>\n\t<meta name=\"twitter:data1\" content=\"1 minute\" \/>\n<script type=\"application\/ld+json\" class=\"yoast-schema-graph\">{\"@context\":\"https:\/\/schema.org\",\"@graph\":[{\"@type\":\"WebPage\",\"@id\":\"https:\/\/etauk.co.uk\/fr\/eligibility\/\",\"url\":\"https:\/\/etauk.co.uk\/fr\/eligibility\/\",\"name\":\"Ai-je besoin d'une ETA pour le Royaume-Uni ? V\u00e9rifiez si vous \u00eates \u00e9ligible !\",\"isPartOf\":{\"@id\":\"https:\/\/etauk.co.uk\/fr\/#website\"},\"primaryImageOfPage\":{\"@id\":\"https:\/\/etauk.co.uk\/fr\/eligibility\/#primaryimage\"},\"image\":{\"@id\":\"https:\/\/etauk.co.uk\/fr\/eligibility\/#primaryimage\"},\"thumbnailUrl\":\"https:\/\/etauk.co.uk\/wp-content\/uploads\/2025\/02\/Validity-scaled.webp\",\"datePublished\":\"2025-02-27T09:01:06+00:00\",\"dateModified\":\"2025-06-21T14:34:17+00:00\",\"description\":\"Guide de l'ETA UK pour le Royaume-Uni : D\u00e9couvrez qui a besoin d'une autorisation de voyage \u00e9lectronique, comment faire une demande et quels sont les avantages de cette nouvelle exigence d'entr\u00e9e.\",\"breadcrumb\":{\"@id\":\"https:\/\/etauk.co.uk\/fr\/eligibility\/#breadcrumb\"},\"inLanguage\":\"fr-FR\",\"potentialAction\":[{\"@type\":\"ReadAction\",\"target\":[\"https:\/\/etauk.co.uk\/fr\/eligibility\/\"]}]},{\"@type\":\"ImageObject\",\"inLanguage\":\"fr-FR\",\"@id\":\"https:\/\/etauk.co.uk\/fr\/eligibility\/#primaryimage\",\"url\":\"https:\/\/etauk.co.uk\/wp-content\/uploads\/2025\/02\/Validity-scaled.webp\",\"contentUrl\":\"https:\/\/etauk.co.uk\/wp-content\/uploads\/2025\/02\/Validity-scaled.webp\",\"width\":2560,\"height\":1054,\"caption\":\"Validity\"},{\"@type\":\"BreadcrumbList\",\"@id\":\"https:\/\/etauk.co.uk\/fr\/eligibility\/#breadcrumb\",\"itemListElement\":[{\"@type\":\"ListItem\",\"position\":1,\"name\":\"Home\",\"item\":\"https:\/\/etauk.co.uk\/fr\/\"},{\"@type\":\"ListItem\",\"position\":2,\"name\":\"Ai-je besoin d&rsquo;une ETA pour le Royaume-Uni ?\"}]},{\"@type\":\"WebSite\",\"@id\":\"https:\/\/etauk.co.uk\/fr\/#website\",\"url\":\"https:\/\/etauk.co.uk\/fr\/\",\"name\":\"ETAUK.co.uk\",\"description\":\"\",\"publisher\":{\"@id\":\"https:\/\/etauk.co.uk\/fr\/#organization\"},\"potentialAction\":[{\"@type\":\"SearchAction\",\"target\":{\"@type\":\"EntryPoint\",\"urlTemplate\":\"https:\/\/etauk.co.uk\/fr\/?s={search_term_string}\"},\"query-input\":{\"@type\":\"PropertyValueSpecification\",\"valueRequired\":true,\"valueName\":\"search_term_string\"}}],\"inLanguage\":\"fr-FR\"},{\"@type\":\"Organization\",\"@id\":\"https:\/\/etauk.co.uk\/fr\/#organization\",\"name\":\"ETAUK.co.uk\",\"url\":\"https:\/\/etauk.co.uk\/fr\/\",\"logo\":{\"@type\":\"ImageObject\",\"inLanguage\":\"fr-FR\",\"@id\":\"https:\/\/etauk.co.uk\/fr\/#\/schema\/logo\/image\/\",\"url\":\"https:\/\/etauk.co.uk\/wp-content\/uploads\/2024\/07\/logo.png\",\"contentUrl\":\"https:\/\/etauk.co.uk\/wp-content\/uploads\/2024\/07\/logo.png\",\"width\":904,\"height\":192,\"caption\":\"ETAUK.co.uk\"},\"image\":{\"@id\":\"https:\/\/etauk.co.uk\/fr\/#\/schema\/logo\/image\/\"}}]}<\/script>\n<!-- \/ Yoast SEO Premium plugin. -->","yoast_head_json":{"title":"Ai-je besoin d'une ETA pour le Royaume-Uni ? V\u00e9rifiez si vous \u00eates \u00e9ligible !","description":"Guide de l'ETA UK pour le Royaume-Uni : D\u00e9couvrez qui a besoin d'une autorisation de voyage \u00e9lectronique, comment faire une demande et quels sont les avantages de cette nouvelle exigence d'entr\u00e9e.","robots":{"index":"index","follow":"follow","max-snippet":"max-snippet:-1","max-image-preview":"max-image-preview:large","max-video-preview":"max-video-preview:-1"},"canonical":"https:\/\/etauk.co.uk\/fr\/eligibility\/","og_locale":"fr_FR","og_type":"article","og_title":"Ai-je besoin d'une ETA pour le Royaume-Uni ? V\u00e9rifiez si vous \u00eates \u00e9ligible !","og_description":"Guide de l'ETA UK pour le Royaume-Uni : D\u00e9couvrez qui a besoin d'une autorisation de voyage \u00e9lectronique, comment faire une demande et quels sont les avantages de cette nouvelle exigence d'entr\u00e9e.","og_url":"https:\/\/etauk.co.uk\/fr\/eligibility\/","og_site_name":"ETAUK.co.uk","article_modified_time":"2025-06-21T14:34:17+00:00","og_image":[{"width":2560,"height":1054,"url":"https:\/\/etauk.co.uk\/wp-content\/uploads\/2025\/02\/Validity-scaled.webp","type":"image\/webp"}],"twitter_card":"summary_large_image","twitter_title":"Ai-je besoin d'une ETA pour le Royaume-Uni ?","twitter_misc":{"Dur\u00e9e de lecture estim\u00e9e":"1 minute"},"schema":{"@context":"https:\/\/schema.org","@graph":[{"@type":"WebPage","@id":"https:\/\/etauk.co.uk\/fr\/eligibility\/","url":"https:\/\/etauk.co.uk\/fr\/eligibility\/","name":"Ai-je besoin d'une ETA pour le Royaume-Uni ? V\u00e9rifiez si vous \u00eates \u00e9ligible !","isPartOf":{"@id":"https:\/\/etauk.co.uk\/fr\/#website"},"primaryImageOfPage":{"@id":"https:\/\/etauk.co.uk\/fr\/eligibility\/#primaryimage"},"image":{"@id":"https:\/\/etauk.co.uk\/fr\/eligibility\/#primaryimage"},"thumbnailUrl":"https:\/\/etauk.co.uk\/wp-content\/uploads\/2025\/02\/Validity-scaled.webp","datePublished":"2025-02-27T09:01:06+00:00","dateModified":"2025-06-21T14:34:17+00:00","description":"Guide de l'ETA UK pour le Royaume-Uni : D\u00e9couvrez qui a besoin d'une autorisation de voyage \u00e9lectronique, comment faire une demande et quels sont les avantages de cette nouvelle exigence d'entr\u00e9e.","breadcrumb":{"@id":"https:\/\/etauk.co.uk\/fr\/eligibility\/#breadcrumb"},"inLanguage":"fr-FR","potentialAction":[{"@type":"ReadAction","target":["https:\/\/etauk.co.uk\/fr\/eligibility\/"]}]},{"@type":"ImageObject","inLanguage":"fr-FR","@id":"https:\/\/etauk.co.uk\/fr\/eligibility\/#primaryimage","url":"https:\/\/etauk.co.uk\/wp-content\/uploads\/2025\/02\/Validity-scaled.webp","contentUrl":"https:\/\/etauk.co.uk\/wp-content\/uploads\/2025\/02\/Validity-scaled.webp","width":2560,"height":1054,"caption":"Validity"},{"@type":"BreadcrumbList","@id":"https:\/\/etauk.co.uk\/fr\/eligibility\/#breadcrumb","itemListElement":[{"@type":"ListItem","position":1,"name":"Home","item":"https:\/\/etauk.co.uk\/fr\/"},{"@type":"ListItem","position":2,"name":"Ai-je besoin d&rsquo;une ETA pour le Royaume-Uni ?"}]},{"@type":"WebSite","@id":"https:\/\/etauk.co.uk\/fr\/#website","url":"https:\/\/etauk.co.uk\/fr\/","name":"ETAUK.co.uk","description":"","publisher":{"@id":"https:\/\/etauk.co.uk\/fr\/#organization"},"potentialAction":[{"@type":"SearchAction","target":{"@type":"EntryPoint","urlTemplate":"https:\/\/etauk.co.uk\/fr\/?s={search_term_string}"},"query-input":{"@type":"PropertyValueSpecification","valueRequired":true,"valueName":"search_term_string"}}],"inLanguage":"fr-FR"},{"@type":"Organization","@id":"https:\/\/etauk.co.uk\/fr\/#organization","name":"ETAUK.co.uk","url":"https:\/\/etauk.co.uk\/fr\/","logo":{"@type":"ImageObject","inLanguage":"fr-FR","@id":"https:\/\/etauk.co.uk\/fr\/#\/schema\/logo\/image\/","url":"https:\/\/etauk.co.uk\/wp-content\/uploads\/2024\/07\/logo.png","contentUrl":"https:\/\/etauk.co.uk\/wp-content\/uploads\/2024\/07\/logo.png","width":904,"height":192,"caption":"ETAUK.co.uk"},"image":{"@id":"https:\/\/etauk.co.uk\/fr\/#\/schema\/logo\/image\/"}}]}},"_links":{"self":[{"href":"https:\/\/etauk.co.uk\/fr\/wp-json\/wp\/v2\/pages\/8205","targetHints":{"allow":["GET"]}}],"collection":[{"href":"https:\/\/etauk.co.uk\/fr\/wp-json\/wp\/v2\/pages"}],"about":[{"href":"https:\/\/etauk.co.uk\/fr\/wp-json\/wp\/v2\/types\/page"}],"author":[{"embeddable":true,"href":"https:\/\/etauk.co.uk\/fr\/wp-json\/wp\/v2\/users\/2"}],"replies":[{"embeddable":true,"href":"https:\/\/etauk.co.uk\/fr\/wp-json\/wp\/v2\/comments?post=8205"}],"version-history":[{"count":4,"href":"https:\/\/etauk.co.uk\/fr\/wp-json\/wp\/v2\/pages\/8205\/revisions"}],"predecessor-version":[{"id":8932,"href":"https:\/\/etauk.co.uk\/fr\/wp-json\/wp\/v2\/pages\/8205\/revisions\/8932"}],"wp:featuredmedia":[{"embeddable":true,"href":"https:\/\/etauk.co.uk\/fr\/wp-json\/wp\/v2\/media\/6461"}],"wp:attachment":[{"href":"https:\/\/etauk.co.uk\/fr\/wp-json\/wp\/v2\/media?parent=8205"}],"curies":[{"name":"wp","href":"https:\/\/api.w.org\/{rel}","templated":true}]}}