{"id":8151,"date":"2025-02-27T13:01:06","date_gmt":"2025-02-27T09:01:06","guid":{"rendered":"https:\/\/etauk.co.uk\/eligibility\/"},"modified":"2025-06-21T18:46:02","modified_gmt":"2025-06-21T14:46:02","slug":"eligibility","status":"publish","type":"page","link":"https:\/\/etauk.co.uk\/pl\/eligibility\/","title":{"rendered":"Czy potrzebuj\u0119 ETA do Wielkiej Brytanii?"},"content":{"rendered":"","protected":false},"excerpt":{"rendered":"","protected":false},"author":2,"featured_media":6468,"parent":0,"menu_order":0,"comment_status":"closed","ping_status":"closed","template":"template-page.php","meta":{"_acf_changed":false,"inline_featured_image":false,"footnotes":""},"class_list":["post-8151","page","type-page","status-publish","has-post-thumbnail","hentry"],"acf":[],"yoast_head":"<!-- This site is optimized with the Yoast SEO Premium plugin v23.9 (Yoast SEO v23.9) - https:\/\/yoast.com\/wordpress\/plugins\/seo\/ -->\n<title>Czy potrzebuj\u0119 ETA do Wielkiej Brytanii? Sprawd\u017a, czy si\u0119 kwalifikujesz!<\/title>\n<meta name=\"description\" content=\"Przewodnik po brytyjskim ETA: Dowiedz si\u0119, kto potrzebuje elektronicznej autoryzacji podr\u00f3\u017cy, jak z\u0142o\u017cy\u0107 wniosek i jakie korzy\u015bci daje ten nowy wym\u00f3g wjazdu.\" \/>\n<meta name=\"robots\" content=\"index, follow, max-snippet:-1, max-image-preview:large, max-video-preview:-1\" \/>\n<link rel=\"canonical\" href=\"https:\/\/etauk.co.uk\/pl\/eligibility\/\" \/>\n<meta property=\"og:locale\" content=\"pl_PL\" \/>\n<meta property=\"og:type\" content=\"article\" \/>\n<meta property=\"og:title\" content=\"Czy potrzebuj\u0119 ETA do Wielkiej Brytanii? Sprawd\u017a, czy si\u0119 kwalifikujesz!\" \/>\n<meta property=\"og:description\" content=\"Przewodnik po brytyjskim ETA: Dowiedz si\u0119, kto potrzebuje elektronicznej autoryzacji podr\u00f3\u017cy, jak z\u0142o\u017cy\u0107 wniosek i jakie korzy\u015bci daje ten nowy wym\u00f3g wjazdu.\" \/>\n<meta property=\"og:url\" content=\"https:\/\/etauk.co.uk\/pl\/eligibility\/\" \/>\n<meta property=\"og:site_name\" content=\"ETAUK.co.uk\" \/>\n<meta property=\"article:modified_time\" content=\"2025-06-21T14:46:02+00:00\" \/>\n<meta property=\"og:image\" content=\"https:\/\/etauk.co.uk\/wp-content\/uploads\/2025\/02\/Validity-scaled.webp\" \/>\n\t<meta property=\"og:image:width\" content=\"2560\" \/>\n\t<meta property=\"og:image:height\" content=\"1054\" \/>\n\t<meta property=\"og:image:type\" content=\"image\/webp\" \/>\n<meta name=\"twitter:card\" content=\"summary_large_image\" \/>\n<meta name=\"twitter:title\" content=\"Czy potrzebuj\u0119 ETA do Wielkiej Brytanii?\" \/>\n<meta name=\"twitter:label1\" content=\"Szacowany czas czytania\" \/>\n\t<meta name=\"twitter:data1\" content=\"1 minuta\" \/>\n<script type=\"application\/ld+json\" class=\"yoast-schema-graph\">{\"@context\":\"https:\/\/schema.org\",\"@graph\":[{\"@type\":\"WebPage\",\"@id\":\"https:\/\/etauk.co.uk\/pl\/eligibility\/\",\"url\":\"https:\/\/etauk.co.uk\/pl\/eligibility\/\",\"name\":\"Czy potrzebuj\u0119 ETA do Wielkiej Brytanii? Sprawd\u017a, czy si\u0119 kwalifikujesz!\",\"isPartOf\":{\"@id\":\"https:\/\/etauk.co.uk\/pl\/#website\"},\"primaryImageOfPage\":{\"@id\":\"https:\/\/etauk.co.uk\/pl\/eligibility\/#primaryimage\"},\"image\":{\"@id\":\"https:\/\/etauk.co.uk\/pl\/eligibility\/#primaryimage\"},\"thumbnailUrl\":\"https:\/\/etauk.co.uk\/wp-content\/uploads\/2025\/02\/Validity-scaled.webp\",\"datePublished\":\"2025-02-27T09:01:06+00:00\",\"dateModified\":\"2025-06-21T14:46:02+00:00\",\"description\":\"Przewodnik po brytyjskim ETA: Dowiedz si\u0119, kto potrzebuje elektronicznej autoryzacji podr\u00f3\u017cy, jak z\u0142o\u017cy\u0107 wniosek i jakie korzy\u015bci daje ten nowy wym\u00f3g wjazdu.\",\"breadcrumb\":{\"@id\":\"https:\/\/etauk.co.uk\/pl\/eligibility\/#breadcrumb\"},\"inLanguage\":\"pl-PL\",\"potentialAction\":[{\"@type\":\"ReadAction\",\"target\":[\"https:\/\/etauk.co.uk\/pl\/eligibility\/\"]}]},{\"@type\":\"ImageObject\",\"inLanguage\":\"pl-PL\",\"@id\":\"https:\/\/etauk.co.uk\/pl\/eligibility\/#primaryimage\",\"url\":\"https:\/\/etauk.co.uk\/wp-content\/uploads\/2025\/02\/Validity-scaled.webp\",\"contentUrl\":\"https:\/\/etauk.co.uk\/wp-content\/uploads\/2025\/02\/Validity-scaled.webp\",\"width\":2560,\"height\":1054,\"caption\":\"Validity\"},{\"@type\":\"BreadcrumbList\",\"@id\":\"https:\/\/etauk.co.uk\/pl\/eligibility\/#breadcrumb\",\"itemListElement\":[{\"@type\":\"ListItem\",\"position\":1,\"name\":\"Home\",\"item\":\"https:\/\/etauk.co.uk\/pl\/\"},{\"@type\":\"ListItem\",\"position\":2,\"name\":\"Czy potrzebuj\u0119 ETA do Wielkiej Brytanii?\"}]},{\"@type\":\"WebSite\",\"@id\":\"https:\/\/etauk.co.uk\/pl\/#website\",\"url\":\"https:\/\/etauk.co.uk\/pl\/\",\"name\":\"ETAUK.co.uk\",\"description\":\"\",\"publisher\":{\"@id\":\"https:\/\/etauk.co.uk\/pl\/#organization\"},\"potentialAction\":[{\"@type\":\"SearchAction\",\"target\":{\"@type\":\"EntryPoint\",\"urlTemplate\":\"https:\/\/etauk.co.uk\/pl\/?s={search_term_string}\"},\"query-input\":{\"@type\":\"PropertyValueSpecification\",\"valueRequired\":true,\"valueName\":\"search_term_string\"}}],\"inLanguage\":\"pl-PL\"},{\"@type\":\"Organization\",\"@id\":\"https:\/\/etauk.co.uk\/pl\/#organization\",\"name\":\"ETAUK.co.uk\",\"url\":\"https:\/\/etauk.co.uk\/pl\/\",\"logo\":{\"@type\":\"ImageObject\",\"inLanguage\":\"pl-PL\",\"@id\":\"https:\/\/etauk.co.uk\/pl\/#\/schema\/logo\/image\/\",\"url\":\"https:\/\/etauk.co.uk\/wp-content\/uploads\/2024\/07\/logo.png\",\"contentUrl\":\"https:\/\/etauk.co.uk\/wp-content\/uploads\/2024\/07\/logo.png\",\"width\":904,\"height\":192,\"caption\":\"ETAUK.co.uk\"},\"image\":{\"@id\":\"https:\/\/etauk.co.uk\/pl\/#\/schema\/logo\/image\/\"}}]}<\/script>\n<!-- \/ Yoast SEO Premium plugin. -->","yoast_head_json":{"title":"Czy potrzebuj\u0119 ETA do Wielkiej Brytanii? Sprawd\u017a, czy si\u0119 kwalifikujesz!","description":"Przewodnik po brytyjskim ETA: Dowiedz si\u0119, kto potrzebuje elektronicznej autoryzacji podr\u00f3\u017cy, jak z\u0142o\u017cy\u0107 wniosek i jakie korzy\u015bci daje ten nowy wym\u00f3g wjazdu.","robots":{"index":"index","follow":"follow","max-snippet":"max-snippet:-1","max-image-preview":"max-image-preview:large","max-video-preview":"max-video-preview:-1"},"canonical":"https:\/\/etauk.co.uk\/pl\/eligibility\/","og_locale":"pl_PL","og_type":"article","og_title":"Czy potrzebuj\u0119 ETA do Wielkiej Brytanii? Sprawd\u017a, czy si\u0119 kwalifikujesz!","og_description":"Przewodnik po brytyjskim ETA: Dowiedz si\u0119, kto potrzebuje elektronicznej autoryzacji podr\u00f3\u017cy, jak z\u0142o\u017cy\u0107 wniosek i jakie korzy\u015bci daje ten nowy wym\u00f3g wjazdu.","og_url":"https:\/\/etauk.co.uk\/pl\/eligibility\/","og_site_name":"ETAUK.co.uk","article_modified_time":"2025-06-21T14:46:02+00:00","og_image":[{"width":2560,"height":1054,"url":"https:\/\/etauk.co.uk\/wp-content\/uploads\/2025\/02\/Validity-scaled.webp","type":"image\/webp"}],"twitter_card":"summary_large_image","twitter_title":"Czy potrzebuj\u0119 ETA do Wielkiej Brytanii?","twitter_misc":{"Szacowany czas czytania":"1 minuta"},"schema":{"@context":"https:\/\/schema.org","@graph":[{"@type":"WebPage","@id":"https:\/\/etauk.co.uk\/pl\/eligibility\/","url":"https:\/\/etauk.co.uk\/pl\/eligibility\/","name":"Czy potrzebuj\u0119 ETA do Wielkiej Brytanii? Sprawd\u017a, czy si\u0119 kwalifikujesz!","isPartOf":{"@id":"https:\/\/etauk.co.uk\/pl\/#website"},"primaryImageOfPage":{"@id":"https:\/\/etauk.co.uk\/pl\/eligibility\/#primaryimage"},"image":{"@id":"https:\/\/etauk.co.uk\/pl\/eligibility\/#primaryimage"},"thumbnailUrl":"https:\/\/etauk.co.uk\/wp-content\/uploads\/2025\/02\/Validity-scaled.webp","datePublished":"2025-02-27T09:01:06+00:00","dateModified":"2025-06-21T14:46:02+00:00","description":"Przewodnik po brytyjskim ETA: Dowiedz si\u0119, kto potrzebuje elektronicznej autoryzacji podr\u00f3\u017cy, jak z\u0142o\u017cy\u0107 wniosek i jakie korzy\u015bci daje ten nowy wym\u00f3g wjazdu.","breadcrumb":{"@id":"https:\/\/etauk.co.uk\/pl\/eligibility\/#breadcrumb"},"inLanguage":"pl-PL","potentialAction":[{"@type":"ReadAction","target":["https:\/\/etauk.co.uk\/pl\/eligibility\/"]}]},{"@type":"ImageObject","inLanguage":"pl-PL","@id":"https:\/\/etauk.co.uk\/pl\/eligibility\/#primaryimage","url":"https:\/\/etauk.co.uk\/wp-content\/uploads\/2025\/02\/Validity-scaled.webp","contentUrl":"https:\/\/etauk.co.uk\/wp-content\/uploads\/2025\/02\/Validity-scaled.webp","width":2560,"height":1054,"caption":"Validity"},{"@type":"BreadcrumbList","@id":"https:\/\/etauk.co.uk\/pl\/eligibility\/#breadcrumb","itemListElement":[{"@type":"ListItem","position":1,"name":"Home","item":"https:\/\/etauk.co.uk\/pl\/"},{"@type":"ListItem","position":2,"name":"Czy potrzebuj\u0119 ETA do Wielkiej Brytanii?"}]},{"@type":"WebSite","@id":"https:\/\/etauk.co.uk\/pl\/#website","url":"https:\/\/etauk.co.uk\/pl\/","name":"ETAUK.co.uk","description":"","publisher":{"@id":"https:\/\/etauk.co.uk\/pl\/#organization"},"potentialAction":[{"@type":"SearchAction","target":{"@type":"EntryPoint","urlTemplate":"https:\/\/etauk.co.uk\/pl\/?s={search_term_string}"},"query-input":{"@type":"PropertyValueSpecification","valueRequired":true,"valueName":"search_term_string"}}],"inLanguage":"pl-PL"},{"@type":"Organization","@id":"https:\/\/etauk.co.uk\/pl\/#organization","name":"ETAUK.co.uk","url":"https:\/\/etauk.co.uk\/pl\/","logo":{"@type":"ImageObject","inLanguage":"pl-PL","@id":"https:\/\/etauk.co.uk\/pl\/#\/schema\/logo\/image\/","url":"https:\/\/etauk.co.uk\/wp-content\/uploads\/2024\/07\/logo.png","contentUrl":"https:\/\/etauk.co.uk\/wp-content\/uploads\/2024\/07\/logo.png","width":904,"height":192,"caption":"ETAUK.co.uk"},"image":{"@id":"https:\/\/etauk.co.uk\/pl\/#\/schema\/logo\/image\/"}}]}},"_links":{"self":[{"href":"https:\/\/etauk.co.uk\/pl\/wp-json\/wp\/v2\/pages\/8151","targetHints":{"allow":["GET"]}}],"collection":[{"href":"https:\/\/etauk.co.uk\/pl\/wp-json\/wp\/v2\/pages"}],"about":[{"href":"https:\/\/etauk.co.uk\/pl\/wp-json\/wp\/v2\/types\/page"}],"author":[{"embeddable":true,"href":"https:\/\/etauk.co.uk\/pl\/wp-json\/wp\/v2\/users\/2"}],"replies":[{"embeddable":true,"href":"https:\/\/etauk.co.uk\/pl\/wp-json\/wp\/v2\/comments?post=8151"}],"version-history":[{"count":6,"href":"https:\/\/etauk.co.uk\/pl\/wp-json\/wp\/v2\/pages\/8151\/revisions"}],"predecessor-version":[{"id":8940,"href":"https:\/\/etauk.co.uk\/pl\/wp-json\/wp\/v2\/pages\/8151\/revisions\/8940"}],"wp:featuredmedia":[{"embeddable":true,"href":"https:\/\/etauk.co.uk\/pl\/wp-json\/wp\/v2\/media\/6468"}],"wp:attachment":[{"href":"https:\/\/etauk.co.uk\/pl\/wp-json\/wp\/v2\/media?parent=8151"}],"curies":[{"name":"wp","href":"https:\/\/api.w.org\/{rel}","templated":true}]}}