{"id":8147,"date":"2025-02-27T13:01:06","date_gmt":"2025-02-27T09:01:06","guid":{"rendered":"https:\/\/etauk.co.uk\/eligibility\/"},"modified":"2025-06-21T18:47:43","modified_gmt":"2025-06-21T14:47:43","slug":"eligibility","status":"publish","type":"page","link":"https:\/\/etauk.co.uk\/pt\/eligibility\/","title":{"rendered":"Preciso de uma ETA para o Reino Unido?"},"content":{"rendered":"","protected":false},"excerpt":{"rendered":"","protected":false},"author":2,"featured_media":6469,"parent":0,"menu_order":0,"comment_status":"closed","ping_status":"closed","template":"template-page.php","meta":{"_acf_changed":false,"inline_featured_image":false,"footnotes":""},"class_list":["post-8147","page","type-page","status-publish","has-post-thumbnail","hentry"],"acf":[],"yoast_head":"<!-- This site is optimized with the Yoast SEO Premium plugin v23.9 (Yoast SEO v23.9) - https:\/\/yoast.com\/wordpress\/plugins\/seo\/ -->\n<title>Preciso de uma ETA para o Reino Unido? Verifique se voc\u00ea \u00e9 eleg\u00edvel!<\/title>\n<meta name=\"description\" content=\"Guia da ETA para o Reino Unido: Confira quem precisa da Autoriza\u00e7\u00e3o Eletr\u00f4nica de Viagem, como solicit\u00e1-la e quais s\u00e3o os benef\u00edcios desse novo requisito de entrada.\" \/>\n<meta name=\"robots\" content=\"index, follow, max-snippet:-1, max-image-preview:large, max-video-preview:-1\" \/>\n<link rel=\"canonical\" href=\"https:\/\/etauk.co.uk\/pt\/eligibility\/\" \/>\n<meta property=\"og:locale\" content=\"pt_PT\" \/>\n<meta property=\"og:type\" content=\"article\" \/>\n<meta property=\"og:title\" content=\"Preciso de uma ETA para o Reino Unido? Verifique se voc\u00ea \u00e9 eleg\u00edvel!\" \/>\n<meta property=\"og:description\" content=\"Guia da ETA para o Reino Unido: Confira quem precisa da Autoriza\u00e7\u00e3o Eletr\u00f4nica de Viagem, como solicit\u00e1-la e quais s\u00e3o os benef\u00edcios desse novo requisito de entrada.\" \/>\n<meta property=\"og:url\" content=\"https:\/\/etauk.co.uk\/pt\/eligibility\/\" \/>\n<meta property=\"og:site_name\" content=\"ETAUK.co.uk\" \/>\n<meta property=\"article:modified_time\" content=\"2025-06-21T14:47:43+00:00\" \/>\n<meta property=\"og:image\" content=\"https:\/\/etauk.co.uk\/wp-content\/uploads\/2025\/02\/Validity-scaled.webp\" \/>\n\t<meta property=\"og:image:width\" content=\"2560\" \/>\n\t<meta property=\"og:image:height\" content=\"1054\" \/>\n\t<meta property=\"og:image:type\" content=\"image\/webp\" \/>\n<meta name=\"twitter:card\" content=\"summary_large_image\" \/>\n<meta name=\"twitter:title\" content=\"Preciso de uma ETA para o Reino Unido?\" \/>\n<meta name=\"twitter:label1\" content=\"Tempo estimado de leitura\" \/>\n\t<meta name=\"twitter:data1\" content=\"1 minuto\" \/>\n<script type=\"application\/ld+json\" class=\"yoast-schema-graph\">{\"@context\":\"https:\/\/schema.org\",\"@graph\":[{\"@type\":\"WebPage\",\"@id\":\"https:\/\/etauk.co.uk\/pt\/eligibility\/\",\"url\":\"https:\/\/etauk.co.uk\/pt\/eligibility\/\",\"name\":\"Preciso de uma ETA para o Reino Unido? Verifique se voc\u00ea \u00e9 eleg\u00edvel!\",\"isPartOf\":{\"@id\":\"https:\/\/etauk.co.uk\/pt\/#website\"},\"primaryImageOfPage\":{\"@id\":\"https:\/\/etauk.co.uk\/pt\/eligibility\/#primaryimage\"},\"image\":{\"@id\":\"https:\/\/etauk.co.uk\/pt\/eligibility\/#primaryimage\"},\"thumbnailUrl\":\"https:\/\/etauk.co.uk\/wp-content\/uploads\/2025\/02\/Validity-scaled.webp\",\"datePublished\":\"2025-02-27T09:01:06+00:00\",\"dateModified\":\"2025-06-21T14:47:43+00:00\",\"description\":\"Guia da ETA para o Reino Unido: Confira quem precisa da Autoriza\u00e7\u00e3o Eletr\u00f4nica de Viagem, como solicit\u00e1-la e quais s\u00e3o os benef\u00edcios desse novo requisito de entrada.\",\"breadcrumb\":{\"@id\":\"https:\/\/etauk.co.uk\/pt\/eligibility\/#breadcrumb\"},\"inLanguage\":\"pt-PT\",\"potentialAction\":[{\"@type\":\"ReadAction\",\"target\":[\"https:\/\/etauk.co.uk\/pt\/eligibility\/\"]}]},{\"@type\":\"ImageObject\",\"inLanguage\":\"pt-PT\",\"@id\":\"https:\/\/etauk.co.uk\/pt\/eligibility\/#primaryimage\",\"url\":\"https:\/\/etauk.co.uk\/wp-content\/uploads\/2025\/02\/Validity-scaled.webp\",\"contentUrl\":\"https:\/\/etauk.co.uk\/wp-content\/uploads\/2025\/02\/Validity-scaled.webp\",\"width\":2560,\"height\":1054,\"caption\":\"Validity\"},{\"@type\":\"BreadcrumbList\",\"@id\":\"https:\/\/etauk.co.uk\/pt\/eligibility\/#breadcrumb\",\"itemListElement\":[{\"@type\":\"ListItem\",\"position\":1,\"name\":\"Home\",\"item\":\"https:\/\/etauk.co.uk\/pt\/\"},{\"@type\":\"ListItem\",\"position\":2,\"name\":\"Preciso de uma ETA para o Reino Unido?\"}]},{\"@type\":\"WebSite\",\"@id\":\"https:\/\/etauk.co.uk\/pt\/#website\",\"url\":\"https:\/\/etauk.co.uk\/pt\/\",\"name\":\"ETAUK.co.uk\",\"description\":\"\",\"publisher\":{\"@id\":\"https:\/\/etauk.co.uk\/pt\/#organization\"},\"potentialAction\":[{\"@type\":\"SearchAction\",\"target\":{\"@type\":\"EntryPoint\",\"urlTemplate\":\"https:\/\/etauk.co.uk\/pt\/?s={search_term_string}\"},\"query-input\":{\"@type\":\"PropertyValueSpecification\",\"valueRequired\":true,\"valueName\":\"search_term_string\"}}],\"inLanguage\":\"pt-PT\"},{\"@type\":\"Organization\",\"@id\":\"https:\/\/etauk.co.uk\/pt\/#organization\",\"name\":\"ETAUK.co.uk\",\"url\":\"https:\/\/etauk.co.uk\/pt\/\",\"logo\":{\"@type\":\"ImageObject\",\"inLanguage\":\"pt-PT\",\"@id\":\"https:\/\/etauk.co.uk\/pt\/#\/schema\/logo\/image\/\",\"url\":\"https:\/\/etauk.co.uk\/wp-content\/uploads\/2024\/07\/logo.png\",\"contentUrl\":\"https:\/\/etauk.co.uk\/wp-content\/uploads\/2024\/07\/logo.png\",\"width\":904,\"height\":192,\"caption\":\"ETAUK.co.uk\"},\"image\":{\"@id\":\"https:\/\/etauk.co.uk\/pt\/#\/schema\/logo\/image\/\"}}]}<\/script>\n<!-- \/ Yoast SEO Premium plugin. -->","yoast_head_json":{"title":"Preciso de uma ETA para o Reino Unido? Verifique se voc\u00ea \u00e9 eleg\u00edvel!","description":"Guia da ETA para o Reino Unido: Confira quem precisa da Autoriza\u00e7\u00e3o Eletr\u00f4nica de Viagem, como solicit\u00e1-la e quais s\u00e3o os benef\u00edcios desse novo requisito de entrada.","robots":{"index":"index","follow":"follow","max-snippet":"max-snippet:-1","max-image-preview":"max-image-preview:large","max-video-preview":"max-video-preview:-1"},"canonical":"https:\/\/etauk.co.uk\/pt\/eligibility\/","og_locale":"pt_PT","og_type":"article","og_title":"Preciso de uma ETA para o Reino Unido? Verifique se voc\u00ea \u00e9 eleg\u00edvel!","og_description":"Guia da ETA para o Reino Unido: Confira quem precisa da Autoriza\u00e7\u00e3o Eletr\u00f4nica de Viagem, como solicit\u00e1-la e quais s\u00e3o os benef\u00edcios desse novo requisito de entrada.","og_url":"https:\/\/etauk.co.uk\/pt\/eligibility\/","og_site_name":"ETAUK.co.uk","article_modified_time":"2025-06-21T14:47:43+00:00","og_image":[{"width":2560,"height":1054,"url":"https:\/\/etauk.co.uk\/wp-content\/uploads\/2025\/02\/Validity-scaled.webp","type":"image\/webp"}],"twitter_card":"summary_large_image","twitter_title":"Preciso de uma ETA para o Reino Unido?","twitter_misc":{"Tempo estimado de leitura":"1 minuto"},"schema":{"@context":"https:\/\/schema.org","@graph":[{"@type":"WebPage","@id":"https:\/\/etauk.co.uk\/pt\/eligibility\/","url":"https:\/\/etauk.co.uk\/pt\/eligibility\/","name":"Preciso de uma ETA para o Reino Unido? Verifique se voc\u00ea \u00e9 eleg\u00edvel!","isPartOf":{"@id":"https:\/\/etauk.co.uk\/pt\/#website"},"primaryImageOfPage":{"@id":"https:\/\/etauk.co.uk\/pt\/eligibility\/#primaryimage"},"image":{"@id":"https:\/\/etauk.co.uk\/pt\/eligibility\/#primaryimage"},"thumbnailUrl":"https:\/\/etauk.co.uk\/wp-content\/uploads\/2025\/02\/Validity-scaled.webp","datePublished":"2025-02-27T09:01:06+00:00","dateModified":"2025-06-21T14:47:43+00:00","description":"Guia da ETA para o Reino Unido: Confira quem precisa da Autoriza\u00e7\u00e3o Eletr\u00f4nica de Viagem, como solicit\u00e1-la e quais s\u00e3o os benef\u00edcios desse novo requisito de entrada.","breadcrumb":{"@id":"https:\/\/etauk.co.uk\/pt\/eligibility\/#breadcrumb"},"inLanguage":"pt-PT","potentialAction":[{"@type":"ReadAction","target":["https:\/\/etauk.co.uk\/pt\/eligibility\/"]}]},{"@type":"ImageObject","inLanguage":"pt-PT","@id":"https:\/\/etauk.co.uk\/pt\/eligibility\/#primaryimage","url":"https:\/\/etauk.co.uk\/wp-content\/uploads\/2025\/02\/Validity-scaled.webp","contentUrl":"https:\/\/etauk.co.uk\/wp-content\/uploads\/2025\/02\/Validity-scaled.webp","width":2560,"height":1054,"caption":"Validity"},{"@type":"BreadcrumbList","@id":"https:\/\/etauk.co.uk\/pt\/eligibility\/#breadcrumb","itemListElement":[{"@type":"ListItem","position":1,"name":"Home","item":"https:\/\/etauk.co.uk\/pt\/"},{"@type":"ListItem","position":2,"name":"Preciso de uma ETA para o Reino Unido?"}]},{"@type":"WebSite","@id":"https:\/\/etauk.co.uk\/pt\/#website","url":"https:\/\/etauk.co.uk\/pt\/","name":"ETAUK.co.uk","description":"","publisher":{"@id":"https:\/\/etauk.co.uk\/pt\/#organization"},"potentialAction":[{"@type":"SearchAction","target":{"@type":"EntryPoint","urlTemplate":"https:\/\/etauk.co.uk\/pt\/?s={search_term_string}"},"query-input":{"@type":"PropertyValueSpecification","valueRequired":true,"valueName":"search_term_string"}}],"inLanguage":"pt-PT"},{"@type":"Organization","@id":"https:\/\/etauk.co.uk\/pt\/#organization","name":"ETAUK.co.uk","url":"https:\/\/etauk.co.uk\/pt\/","logo":{"@type":"ImageObject","inLanguage":"pt-PT","@id":"https:\/\/etauk.co.uk\/pt\/#\/schema\/logo\/image\/","url":"https:\/\/etauk.co.uk\/wp-content\/uploads\/2024\/07\/logo.png","contentUrl":"https:\/\/etauk.co.uk\/wp-content\/uploads\/2024\/07\/logo.png","width":904,"height":192,"caption":"ETAUK.co.uk"},"image":{"@id":"https:\/\/etauk.co.uk\/pt\/#\/schema\/logo\/image\/"}}]}},"_links":{"self":[{"href":"https:\/\/etauk.co.uk\/pt\/wp-json\/wp\/v2\/pages\/8147","targetHints":{"allow":["GET"]}}],"collection":[{"href":"https:\/\/etauk.co.uk\/pt\/wp-json\/wp\/v2\/pages"}],"about":[{"href":"https:\/\/etauk.co.uk\/pt\/wp-json\/wp\/v2\/types\/page"}],"author":[{"embeddable":true,"href":"https:\/\/etauk.co.uk\/pt\/wp-json\/wp\/v2\/users\/2"}],"replies":[{"embeddable":true,"href":"https:\/\/etauk.co.uk\/pt\/wp-json\/wp\/v2\/comments?post=8147"}],"version-history":[{"count":6,"href":"https:\/\/etauk.co.uk\/pt\/wp-json\/wp\/v2\/pages\/8147\/revisions"}],"predecessor-version":[{"id":8941,"href":"https:\/\/etauk.co.uk\/pt\/wp-json\/wp\/v2\/pages\/8147\/revisions\/8941"}],"wp:featuredmedia":[{"embeddable":true,"href":"https:\/\/etauk.co.uk\/pt\/wp-json\/wp\/v2\/media\/6469"}],"wp:attachment":[{"href":"https:\/\/etauk.co.uk\/pt\/wp-json\/wp\/v2\/media?parent=8147"}],"curies":[{"name":"wp","href":"https:\/\/api.w.org\/{rel}","templated":true}]}}