{"id":1548,"date":"2024-01-23T15:27:15","date_gmt":"2024-01-23T11:27:15","guid":{"rendered":"https:\/\/etauk.co.uk\/home\/"},"modified":"2026-03-06T01:08:49","modified_gmt":"2026-03-05T21:08:49","slug":"home","status":"publish","type":"page","link":"https:\/\/etauk.co.uk\/tr\/","title":{"rendered":"Birle\u015fik Krall\u0131k Elektronik Seyahat Belgesi"},"content":{"rendered":"","protected":false},"excerpt":{"rendered":"","protected":false},"author":1,"featured_media":0,"parent":0,"menu_order":0,"comment_status":"closed","ping_status":"closed","template":"template-home.php","meta":{"_acf_changed":false,"inline_featured_image":false,"footnotes":""},"class_list":["post-1548","page","type-page","status-publish","hentry"],"acf":[],"yoast_head":"<!-- This site is optimized with the Yoast SEO Premium plugin v23.9 (Yoast SEO v23.9) - https:\/\/yoast.com\/wordpress\/plugins\/seo\/ -->\n<title>Birle\u015fik Krall\u0131k Elektronik Seyahat Belgesi | ETAUK.co.uk<\/title>\n<meta name=\"description\" content=\"Birle\u015fik Krall\u0131k ETA Hakk\u0131ndaki \u00d6nemli Bilgileri Ke\u015ffedin: Uygunluk, Gereklilikler ve Ge\u00e7erlik. UK Elektronik Seyahat Belgesi Ba\u015fvurusu.\" \/>\n<meta name=\"robots\" content=\"index, follow, max-snippet:-1, max-image-preview:large, max-video-preview:-1\" \/>\n<link rel=\"canonical\" href=\"https:\/\/etauk.co.uk\/tr\/\" \/>\n<meta property=\"og:locale\" content=\"tr_TR\" \/>\n<meta property=\"og:type\" content=\"article\" \/>\n<meta property=\"og:title\" content=\"Birle\u015fik Krall\u0131k Elektronik Seyahat Belgesi\" \/>\n<meta property=\"og:description\" content=\"Birle\u015fik Krall\u0131k ETA Hakk\u0131ndaki \u00d6nemli Bilgileri Ke\u015ffedin: Uygunluk, Gereklilikler ve Ge\u00e7erlik. UK Elektronik Seyahat Belgesi Ba\u015fvurusu.\" \/>\n<meta property=\"og:url\" content=\"https:\/\/etauk.co.uk\/tr\/\" \/>\n<meta property=\"og:site_name\" content=\"ETAUK.co.uk\" \/>\n<meta property=\"article:modified_time\" content=\"2026-03-05T21:08:49+00:00\" \/>\n<meta name=\"twitter:card\" content=\"summary_large_image\" \/>\n<script type=\"application\/ld+json\" class=\"yoast-schema-graph\">{\"@context\":\"https:\/\/schema.org\",\"@graph\":[{\"@type\":\"WebPage\",\"@id\":\"https:\/\/etauk.co.uk\/tr\/\",\"url\":\"https:\/\/etauk.co.uk\/tr\/\",\"name\":\"Birle\u015fik Krall\u0131k Elektronik Seyahat Belgesi | ETAUK.co.uk\",\"isPartOf\":{\"@id\":\"https:\/\/etauk.co.uk\/tr\/#website\"},\"datePublished\":\"2024-01-23T11:27:15+00:00\",\"dateModified\":\"2026-03-05T21:08:49+00:00\",\"description\":\"Birle\u015fik Krall\u0131k ETA Hakk\u0131ndaki \u00d6nemli Bilgileri Ke\u015ffedin: Uygunluk, Gereklilikler ve Ge\u00e7erlik. UK Elektronik Seyahat Belgesi Ba\u015fvurusu.\",\"breadcrumb\":{\"@id\":\"https:\/\/etauk.co.uk\/tr\/#breadcrumb\"},\"inLanguage\":\"tr\",\"potentialAction\":[{\"@type\":\"ReadAction\",\"target\":[\"https:\/\/etauk.co.uk\/tr\/\"]}]},{\"@type\":\"BreadcrumbList\",\"@id\":\"https:\/\/etauk.co.uk\/tr\/#breadcrumb\",\"itemListElement\":[{\"@type\":\"ListItem\",\"position\":1,\"name\":\"Home\",\"item\":\"https:\/\/etauk.co.uk\/tr\/\"},{\"@type\":\"ListItem\",\"position\":2,\"name\":\"Birle\u015fik Krall\u0131k Elektronik Seyahat Belgesi\"}]},{\"@type\":\"WebSite\",\"@id\":\"https:\/\/etauk.co.uk\/tr\/#website\",\"url\":\"https:\/\/etauk.co.uk\/tr\/\",\"name\":\"ETAUK.co.uk\",\"description\":\"\",\"publisher\":{\"@id\":\"https:\/\/etauk.co.uk\/tr\/#organization\"},\"potentialAction\":[{\"@type\":\"SearchAction\",\"target\":{\"@type\":\"EntryPoint\",\"urlTemplate\":\"https:\/\/etauk.co.uk\/tr\/?s={search_term_string}\"},\"query-input\":{\"@type\":\"PropertyValueSpecification\",\"valueRequired\":true,\"valueName\":\"search_term_string\"}}],\"inLanguage\":\"tr\"},{\"@type\":\"Organization\",\"@id\":\"https:\/\/etauk.co.uk\/tr\/#organization\",\"name\":\"ETAUK.co.uk\",\"url\":\"https:\/\/etauk.co.uk\/tr\/\",\"logo\":{\"@type\":\"ImageObject\",\"inLanguage\":\"tr\",\"@id\":\"https:\/\/etauk.co.uk\/tr\/#\/schema\/logo\/image\/\",\"url\":\"https:\/\/etauk.co.uk\/wp-content\/uploads\/2024\/07\/logo.png\",\"contentUrl\":\"https:\/\/etauk.co.uk\/wp-content\/uploads\/2024\/07\/logo.png\",\"width\":904,\"height\":192,\"caption\":\"ETAUK.co.uk\"},\"image\":{\"@id\":\"https:\/\/etauk.co.uk\/tr\/#\/schema\/logo\/image\/\"}}]}<\/script>\n<!-- \/ Yoast SEO Premium plugin. -->","yoast_head_json":{"title":"Birle\u015fik Krall\u0131k Elektronik Seyahat Belgesi | ETAUK.co.uk","description":"Birle\u015fik Krall\u0131k ETA Hakk\u0131ndaki \u00d6nemli Bilgileri Ke\u015ffedin: Uygunluk, Gereklilikler ve Ge\u00e7erlik. UK Elektronik Seyahat Belgesi Ba\u015fvurusu.","robots":{"index":"index","follow":"follow","max-snippet":"max-snippet:-1","max-image-preview":"max-image-preview:large","max-video-preview":"max-video-preview:-1"},"canonical":"https:\/\/etauk.co.uk\/tr\/","og_locale":"tr_TR","og_type":"article","og_title":"Birle\u015fik Krall\u0131k Elektronik Seyahat Belgesi","og_description":"Birle\u015fik Krall\u0131k ETA Hakk\u0131ndaki \u00d6nemli Bilgileri Ke\u015ffedin: Uygunluk, Gereklilikler ve Ge\u00e7erlik. UK Elektronik Seyahat Belgesi Ba\u015fvurusu.","og_url":"https:\/\/etauk.co.uk\/tr\/","og_site_name":"ETAUK.co.uk","article_modified_time":"2026-03-05T21:08:49+00:00","twitter_card":"summary_large_image","schema":{"@context":"https:\/\/schema.org","@graph":[{"@type":"WebPage","@id":"https:\/\/etauk.co.uk\/tr\/","url":"https:\/\/etauk.co.uk\/tr\/","name":"Birle\u015fik Krall\u0131k Elektronik Seyahat Belgesi | ETAUK.co.uk","isPartOf":{"@id":"https:\/\/etauk.co.uk\/tr\/#website"},"datePublished":"2024-01-23T11:27:15+00:00","dateModified":"2026-03-05T21:08:49+00:00","description":"Birle\u015fik Krall\u0131k ETA Hakk\u0131ndaki \u00d6nemli Bilgileri Ke\u015ffedin: Uygunluk, Gereklilikler ve Ge\u00e7erlik. UK Elektronik Seyahat Belgesi Ba\u015fvurusu.","breadcrumb":{"@id":"https:\/\/etauk.co.uk\/tr\/#breadcrumb"},"inLanguage":"tr","potentialAction":[{"@type":"ReadAction","target":["https:\/\/etauk.co.uk\/tr\/"]}]},{"@type":"BreadcrumbList","@id":"https:\/\/etauk.co.uk\/tr\/#breadcrumb","itemListElement":[{"@type":"ListItem","position":1,"name":"Home","item":"https:\/\/etauk.co.uk\/tr\/"},{"@type":"ListItem","position":2,"name":"Birle\u015fik Krall\u0131k Elektronik Seyahat Belgesi"}]},{"@type":"WebSite","@id":"https:\/\/etauk.co.uk\/tr\/#website","url":"https:\/\/etauk.co.uk\/tr\/","name":"ETAUK.co.uk","description":"","publisher":{"@id":"https:\/\/etauk.co.uk\/tr\/#organization"},"potentialAction":[{"@type":"SearchAction","target":{"@type":"EntryPoint","urlTemplate":"https:\/\/etauk.co.uk\/tr\/?s={search_term_string}"},"query-input":{"@type":"PropertyValueSpecification","valueRequired":true,"valueName":"search_term_string"}}],"inLanguage":"tr"},{"@type":"Organization","@id":"https:\/\/etauk.co.uk\/tr\/#organization","name":"ETAUK.co.uk","url":"https:\/\/etauk.co.uk\/tr\/","logo":{"@type":"ImageObject","inLanguage":"tr","@id":"https:\/\/etauk.co.uk\/tr\/#\/schema\/logo\/image\/","url":"https:\/\/etauk.co.uk\/wp-content\/uploads\/2024\/07\/logo.png","contentUrl":"https:\/\/etauk.co.uk\/wp-content\/uploads\/2024\/07\/logo.png","width":904,"height":192,"caption":"ETAUK.co.uk"},"image":{"@id":"https:\/\/etauk.co.uk\/tr\/#\/schema\/logo\/image\/"}}]}},"_links":{"self":[{"href":"https:\/\/etauk.co.uk\/tr\/wp-json\/wp\/v2\/pages\/1548","targetHints":{"allow":["GET"]}}],"collection":[{"href":"https:\/\/etauk.co.uk\/tr\/wp-json\/wp\/v2\/pages"}],"about":[{"href":"https:\/\/etauk.co.uk\/tr\/wp-json\/wp\/v2\/types\/page"}],"author":[{"embeddable":true,"href":"https:\/\/etauk.co.uk\/tr\/wp-json\/wp\/v2\/users\/1"}],"replies":[{"embeddable":true,"href":"https:\/\/etauk.co.uk\/tr\/wp-json\/wp\/v2\/comments?post=1548"}],"version-history":[{"count":22,"href":"https:\/\/etauk.co.uk\/tr\/wp-json\/wp\/v2\/pages\/1548\/revisions"}],"predecessor-version":[{"id":9145,"href":"https:\/\/etauk.co.uk\/tr\/wp-json\/wp\/v2\/pages\/1548\/revisions\/9145"}],"wp:attachment":[{"href":"https:\/\/etauk.co.uk\/tr\/wp-json\/wp\/v2\/media?parent=1548"}],"curies":[{"name":"wp","href":"https:\/\/api.w.org\/{rel}","templated":true}]}}