{"id":8135,"date":"2025-02-27T13:01:06","date_gmt":"2025-02-27T09:01:06","guid":{"rendered":"https:\/\/etauk.co.uk\/eligibility\/"},"modified":"2025-06-21T18:53:08","modified_gmt":"2025-06-21T14:53:08","slug":"eligibility","status":"publish","type":"page","link":"https:\/\/etauk.co.uk\/tr\/eligibility\/","title":{"rendered":"\u0130ngiltere i\u00e7in ETA\u2019ya Ba\u015fvurmam Gerekir mi?"},"content":{"rendered":"","protected":false},"excerpt":{"rendered":"","protected":false},"author":2,"featured_media":6472,"parent":0,"menu_order":0,"comment_status":"closed","ping_status":"closed","template":"template-page.php","meta":{"_acf_changed":false,"inline_featured_image":false,"footnotes":""},"class_list":["post-8135","page","type-page","status-publish","has-post-thumbnail","hentry"],"acf":[],"yoast_head":"<!-- This site is optimized with the Yoast SEO Premium plugin v23.9 (Yoast SEO v23.9) - https:\/\/yoast.com\/wordpress\/plugins\/seo\/ -->\n<title>\u0130ngiltere i\u00e7in ETA Almam Gerekir mi? Uygunlu\u011funuzu Kontrol Edin!<\/title>\n<meta name=\"description\" content=\"UK ETA rehberi: Kime Elektronik Seyahat Belgesi gerekti\u011fi, nas\u0131l ba\u015fvurulaca\u011f\u0131 ve bu yeni giri\u015f izninin avantajlar\u0131n\u0131 ke\u015ffedin.\" \/>\n<meta name=\"robots\" content=\"index, follow, max-snippet:-1, max-image-preview:large, max-video-preview:-1\" \/>\n<link rel=\"canonical\" href=\"https:\/\/etauk.co.uk\/tr\/eligibility\/\" \/>\n<meta property=\"og:locale\" content=\"tr_TR\" \/>\n<meta property=\"og:type\" content=\"article\" \/>\n<meta property=\"og:title\" content=\"\u0130ngiltere i\u00e7in ETA Almam Gerekir mi? Uygunlu\u011funuzu Kontrol Edin!\" \/>\n<meta property=\"og:description\" content=\"UK ETA rehberi: Kime Elektronik Seyahat Belgesi gerekti\u011fi, nas\u0131l ba\u015fvurulaca\u011f\u0131 ve bu yeni giri\u015f izninin avantajlar\u0131n\u0131 ke\u015ffedin.\" \/>\n<meta property=\"og:url\" content=\"https:\/\/etauk.co.uk\/tr\/eligibility\/\" \/>\n<meta property=\"og:site_name\" content=\"ETAUK.co.uk\" \/>\n<meta property=\"article:modified_time\" content=\"2025-06-21T14:53:08+00:00\" \/>\n<meta property=\"og:image\" content=\"https:\/\/etauk.co.uk\/wp-content\/uploads\/2025\/02\/Validity-scaled.webp\" \/>\n\t<meta property=\"og:image:width\" content=\"2560\" \/>\n\t<meta property=\"og:image:height\" content=\"1054\" \/>\n\t<meta property=\"og:image:type\" content=\"image\/webp\" \/>\n<meta name=\"twitter:card\" content=\"summary_large_image\" \/>\n<meta name=\"twitter:title\" content=\"\u0130ngiltere i\u00e7in ETA\u2019ya Ba\u015fvurmam Gerekir mi?\" \/>\n<meta name=\"twitter:label1\" content=\"Tahmini okuma s\u00fcresi\" \/>\n\t<meta name=\"twitter:data1\" content=\"1 dakika\" \/>\n<script type=\"application\/ld+json\" class=\"yoast-schema-graph\">{\"@context\":\"https:\/\/schema.org\",\"@graph\":[{\"@type\":\"WebPage\",\"@id\":\"https:\/\/etauk.co.uk\/tr\/eligibility\/\",\"url\":\"https:\/\/etauk.co.uk\/tr\/eligibility\/\",\"name\":\"\u0130ngiltere i\u00e7in ETA Almam Gerekir mi? Uygunlu\u011funuzu Kontrol Edin!\",\"isPartOf\":{\"@id\":\"https:\/\/etauk.co.uk\/tr\/#website\"},\"primaryImageOfPage\":{\"@id\":\"https:\/\/etauk.co.uk\/tr\/eligibility\/#primaryimage\"},\"image\":{\"@id\":\"https:\/\/etauk.co.uk\/tr\/eligibility\/#primaryimage\"},\"thumbnailUrl\":\"https:\/\/etauk.co.uk\/wp-content\/uploads\/2025\/02\/Validity-scaled.webp\",\"datePublished\":\"2025-02-27T09:01:06+00:00\",\"dateModified\":\"2025-06-21T14:53:08+00:00\",\"description\":\"UK ETA rehberi: Kime Elektronik Seyahat Belgesi gerekti\u011fi, nas\u0131l ba\u015fvurulaca\u011f\u0131 ve bu yeni giri\u015f izninin avantajlar\u0131n\u0131 ke\u015ffedin.\",\"breadcrumb\":{\"@id\":\"https:\/\/etauk.co.uk\/tr\/eligibility\/#breadcrumb\"},\"inLanguage\":\"tr\",\"potentialAction\":[{\"@type\":\"ReadAction\",\"target\":[\"https:\/\/etauk.co.uk\/tr\/eligibility\/\"]}]},{\"@type\":\"ImageObject\",\"inLanguage\":\"tr\",\"@id\":\"https:\/\/etauk.co.uk\/tr\/eligibility\/#primaryimage\",\"url\":\"https:\/\/etauk.co.uk\/wp-content\/uploads\/2025\/02\/Validity-scaled.webp\",\"contentUrl\":\"https:\/\/etauk.co.uk\/wp-content\/uploads\/2025\/02\/Validity-scaled.webp\",\"width\":2560,\"height\":1054,\"caption\":\"Validity\"},{\"@type\":\"BreadcrumbList\",\"@id\":\"https:\/\/etauk.co.uk\/tr\/eligibility\/#breadcrumb\",\"itemListElement\":[{\"@type\":\"ListItem\",\"position\":1,\"name\":\"Home\",\"item\":\"https:\/\/etauk.co.uk\/tr\/\"},{\"@type\":\"ListItem\",\"position\":2,\"name\":\"\u0130ngiltere i\u00e7in ETA\u2019ya Ba\u015fvurmam Gerekir mi?\"}]},{\"@type\":\"WebSite\",\"@id\":\"https:\/\/etauk.co.uk\/tr\/#website\",\"url\":\"https:\/\/etauk.co.uk\/tr\/\",\"name\":\"ETAUK.co.uk\",\"description\":\"\",\"publisher\":{\"@id\":\"https:\/\/etauk.co.uk\/tr\/#organization\"},\"potentialAction\":[{\"@type\":\"SearchAction\",\"target\":{\"@type\":\"EntryPoint\",\"urlTemplate\":\"https:\/\/etauk.co.uk\/tr\/?s={search_term_string}\"},\"query-input\":{\"@type\":\"PropertyValueSpecification\",\"valueRequired\":true,\"valueName\":\"search_term_string\"}}],\"inLanguage\":\"tr\"},{\"@type\":\"Organization\",\"@id\":\"https:\/\/etauk.co.uk\/tr\/#organization\",\"name\":\"ETAUK.co.uk\",\"url\":\"https:\/\/etauk.co.uk\/tr\/\",\"logo\":{\"@type\":\"ImageObject\",\"inLanguage\":\"tr\",\"@id\":\"https:\/\/etauk.co.uk\/tr\/#\/schema\/logo\/image\/\",\"url\":\"https:\/\/etauk.co.uk\/wp-content\/uploads\/2024\/07\/logo.png\",\"contentUrl\":\"https:\/\/etauk.co.uk\/wp-content\/uploads\/2024\/07\/logo.png\",\"width\":904,\"height\":192,\"caption\":\"ETAUK.co.uk\"},\"image\":{\"@id\":\"https:\/\/etauk.co.uk\/tr\/#\/schema\/logo\/image\/\"}}]}<\/script>\n<!-- \/ Yoast SEO Premium plugin. -->","yoast_head_json":{"title":"\u0130ngiltere i\u00e7in ETA Almam Gerekir mi? Uygunlu\u011funuzu Kontrol Edin!","description":"UK ETA rehberi: Kime Elektronik Seyahat Belgesi gerekti\u011fi, nas\u0131l ba\u015fvurulaca\u011f\u0131 ve bu yeni giri\u015f izninin avantajlar\u0131n\u0131 ke\u015ffedin.","robots":{"index":"index","follow":"follow","max-snippet":"max-snippet:-1","max-image-preview":"max-image-preview:large","max-video-preview":"max-video-preview:-1"},"canonical":"https:\/\/etauk.co.uk\/tr\/eligibility\/","og_locale":"tr_TR","og_type":"article","og_title":"\u0130ngiltere i\u00e7in ETA Almam Gerekir mi? Uygunlu\u011funuzu Kontrol Edin!","og_description":"UK ETA rehberi: Kime Elektronik Seyahat Belgesi gerekti\u011fi, nas\u0131l ba\u015fvurulaca\u011f\u0131 ve bu yeni giri\u015f izninin avantajlar\u0131n\u0131 ke\u015ffedin.","og_url":"https:\/\/etauk.co.uk\/tr\/eligibility\/","og_site_name":"ETAUK.co.uk","article_modified_time":"2025-06-21T14:53:08+00:00","og_image":[{"width":2560,"height":1054,"url":"https:\/\/etauk.co.uk\/wp-content\/uploads\/2025\/02\/Validity-scaled.webp","type":"image\/webp"}],"twitter_card":"summary_large_image","twitter_title":"\u0130ngiltere i\u00e7in ETA\u2019ya Ba\u015fvurmam Gerekir mi?","twitter_misc":{"Tahmini okuma s\u00fcresi":"1 dakika"},"schema":{"@context":"https:\/\/schema.org","@graph":[{"@type":"WebPage","@id":"https:\/\/etauk.co.uk\/tr\/eligibility\/","url":"https:\/\/etauk.co.uk\/tr\/eligibility\/","name":"\u0130ngiltere i\u00e7in ETA Almam Gerekir mi? Uygunlu\u011funuzu Kontrol Edin!","isPartOf":{"@id":"https:\/\/etauk.co.uk\/tr\/#website"},"primaryImageOfPage":{"@id":"https:\/\/etauk.co.uk\/tr\/eligibility\/#primaryimage"},"image":{"@id":"https:\/\/etauk.co.uk\/tr\/eligibility\/#primaryimage"},"thumbnailUrl":"https:\/\/etauk.co.uk\/wp-content\/uploads\/2025\/02\/Validity-scaled.webp","datePublished":"2025-02-27T09:01:06+00:00","dateModified":"2025-06-21T14:53:08+00:00","description":"UK ETA rehberi: Kime Elektronik Seyahat Belgesi gerekti\u011fi, nas\u0131l ba\u015fvurulaca\u011f\u0131 ve bu yeni giri\u015f izninin avantajlar\u0131n\u0131 ke\u015ffedin.","breadcrumb":{"@id":"https:\/\/etauk.co.uk\/tr\/eligibility\/#breadcrumb"},"inLanguage":"tr","potentialAction":[{"@type":"ReadAction","target":["https:\/\/etauk.co.uk\/tr\/eligibility\/"]}]},{"@type":"ImageObject","inLanguage":"tr","@id":"https:\/\/etauk.co.uk\/tr\/eligibility\/#primaryimage","url":"https:\/\/etauk.co.uk\/wp-content\/uploads\/2025\/02\/Validity-scaled.webp","contentUrl":"https:\/\/etauk.co.uk\/wp-content\/uploads\/2025\/02\/Validity-scaled.webp","width":2560,"height":1054,"caption":"Validity"},{"@type":"BreadcrumbList","@id":"https:\/\/etauk.co.uk\/tr\/eligibility\/#breadcrumb","itemListElement":[{"@type":"ListItem","position":1,"name":"Home","item":"https:\/\/etauk.co.uk\/tr\/"},{"@type":"ListItem","position":2,"name":"\u0130ngiltere i\u00e7in ETA\u2019ya Ba\u015fvurmam Gerekir mi?"}]},{"@type":"WebSite","@id":"https:\/\/etauk.co.uk\/tr\/#website","url":"https:\/\/etauk.co.uk\/tr\/","name":"ETAUK.co.uk","description":"","publisher":{"@id":"https:\/\/etauk.co.uk\/tr\/#organization"},"potentialAction":[{"@type":"SearchAction","target":{"@type":"EntryPoint","urlTemplate":"https:\/\/etauk.co.uk\/tr\/?s={search_term_string}"},"query-input":{"@type":"PropertyValueSpecification","valueRequired":true,"valueName":"search_term_string"}}],"inLanguage":"tr"},{"@type":"Organization","@id":"https:\/\/etauk.co.uk\/tr\/#organization","name":"ETAUK.co.uk","url":"https:\/\/etauk.co.uk\/tr\/","logo":{"@type":"ImageObject","inLanguage":"tr","@id":"https:\/\/etauk.co.uk\/tr\/#\/schema\/logo\/image\/","url":"https:\/\/etauk.co.uk\/wp-content\/uploads\/2024\/07\/logo.png","contentUrl":"https:\/\/etauk.co.uk\/wp-content\/uploads\/2024\/07\/logo.png","width":904,"height":192,"caption":"ETAUK.co.uk"},"image":{"@id":"https:\/\/etauk.co.uk\/tr\/#\/schema\/logo\/image\/"}}]}},"_links":{"self":[{"href":"https:\/\/etauk.co.uk\/tr\/wp-json\/wp\/v2\/pages\/8135","targetHints":{"allow":["GET"]}}],"collection":[{"href":"https:\/\/etauk.co.uk\/tr\/wp-json\/wp\/v2\/pages"}],"about":[{"href":"https:\/\/etauk.co.uk\/tr\/wp-json\/wp\/v2\/types\/page"}],"author":[{"embeddable":true,"href":"https:\/\/etauk.co.uk\/tr\/wp-json\/wp\/v2\/users\/2"}],"replies":[{"embeddable":true,"href":"https:\/\/etauk.co.uk\/tr\/wp-json\/wp\/v2\/comments?post=8135"}],"version-history":[{"count":7,"href":"https:\/\/etauk.co.uk\/tr\/wp-json\/wp\/v2\/pages\/8135\/revisions"}],"predecessor-version":[{"id":8945,"href":"https:\/\/etauk.co.uk\/tr\/wp-json\/wp\/v2\/pages\/8135\/revisions\/8945"}],"wp:featuredmedia":[{"embeddable":true,"href":"https:\/\/etauk.co.uk\/tr\/wp-json\/wp\/v2\/media\/6472"}],"wp:attachment":[{"href":"https:\/\/etauk.co.uk\/tr\/wp-json\/wp\/v2\/media?parent=8135"}],"curies":[{"name":"wp","href":"https:\/\/api.w.org\/{rel}","templated":true}]}}